{"id":778,"date":"2019-01-30T16:43:29","date_gmt":"2019-01-30T16:43:29","guid":{"rendered":"https:\/\/www.avanservicios.com\/?page_id=778"},"modified":"2025-02-17T11:14:24","modified_gmt":"2025-02-17T11:14:24","slug":"demanins-pressupost","status":"publish","type":"page","link":"https:\/\/www.avanservicios.com\/ca\/demanins-pressupost\/","title":{"rendered":"Demani&#8217;ns pressupost"},"content":{"rendered":"<p><div class=\"fusion-fullwidth fullwidth-box fusion-builder-row-1 fusion-parallax-none nonhundred-percent-fullwidth non-hundred-percent-height-scrolling fusion-equal-height-columns\" style=\"--awb-background-blend-mode:overlay;--awb-border-radius-top-left:0px;--awb-border-radius-top-right:0px;--awb-border-radius-bottom-right:0px;--awb-border-radius-bottom-left:0px;--awb-padding-top:190px;--awb-padding-right:50px;--awb-padding-bottom:20px;--awb-padding-left:50px;--awb-background-color:rgba(0,35,57,0.7);--awb-background-image:url(&quot;https:\/\/www.avanservicios.com\/wp-content\/uploads\/2019\/06\/presupuesto.jpg&quot;);--awb-background-size:cover;--awb-flex-wrap:wrap;\" ><div class=\"fusion-builder-row fusion-row\"><div class=\"fusion-layout-column fusion_builder_column fusion-builder-column-0 fusion_builder_column_1_1 1_1 fusion-one-full fusion-column-first fusion-column-last fusion-animated\" style=\"--awb-bg-size:cover;\" data-animationType=\"fadeInDown\" data-animationDuration=\"1.0\" data-animationOffset=\"top-into-view\"><div class=\"fusion-column-wrapper fusion-flex-column-wrapper-legacy\"><div class=\"fusion-title title fusion-title-1 fusion-sep-none fusion-title-center fusion-title-text fusion-title-size-one\" style=\"--awb-text-color:#ffffff;--awb-margin-bottom:0px;--awb-font-size:50px;\"><h1 class=\"fusion-title-heading title-heading-center\" style=\"margin:0;font-size:1em;\">Demanar pressupost<\/h1><\/div><div class=\"fusion-text fusion-text-1\"><p style=\"text-align: center;\"><span style=\"color: #ffffff; font-size: 130%;\">Sol\u00b7licita el teu pressupost a mida<br \/>\n<\/span><\/p>\n<\/div><div class=\"fusion-clearfix\"><\/div><\/div><\/div><div class=\"fusion-layout-column fusion_builder_column fusion-builder-column-1 fusion_builder_column_1_3 1_3 fusion-one-third fusion-column-first\" style=\"--awb-bg-size:cover;width:33.333333333333%;width:calc(33.333333333333% - ( ( 4% + 4% ) * 0.33333333333333 ) );margin-right: 4%;\"><div class=\"fusion-column-wrapper fusion-flex-column-wrapper-legacy\"><div class=\"fusion-clearfix\"><\/div><\/div><\/div><div class=\"fusion-layout-column fusion_builder_column fusion-builder-column-2 fusion_builder_column_2_5 2_5 fusion-two-fifth fusion-animated\" style=\"--awb-bg-size:cover;width:40%;width:calc(40% - ( ( 4% + 4% ) * 0.4 ) );margin-right: 4%;\" data-animationType=\"fadeInUp\" data-animationDuration=\"1.0\" data-animationOffset=\"top-into-view\"><div class=\"fusion-column-wrapper fusion-flex-column-wrapper-legacy\"><ul style=\"--awb-size:25px;--awb-iconcolor:#3084c5;--awb-textcolor:var(--awb-color1);--awb-line-height:42.5px;--awb-icon-width:42.5px;--awb-icon-height:42.5px;--awb-icon-margin:17.5px;--awb-content-margin:60px;--awb-circlecolor:var(--awb-color1);--awb-circle-yes-font-size:22px;\" class=\"fusion-checklist fusion-checklist-1 fusion-checklist-default type-icons\" id=\"tel-contacto-header\"><li class=\"fusion-li-item\" style=\"\"><span class=\"icon-wrapper circle-yes\"><i class=\"fusion-li-icon fa-phone-volume fas\" aria-hidden=\"true\"><\/i><\/span><div class=\"fusion-li-item-content\">\n<p>Parlem? <a href=\"tel:+34931124350\">931 124 350<\/a><\/p>\n<\/div><\/li><\/ul><div class=\"fusion-clearfix\"><\/div><\/div><\/div><div class=\"fusion-layout-column fusion_builder_column fusion-builder-column-3 fusion_builder_column_1_4 1_4 fusion-one-fourth fusion-column-last\" style=\"--awb-bg-size:cover;width:25%;width:calc(25% - ( ( 4% + 4% ) * 0.25 ) );\"><div class=\"fusion-column-wrapper fusion-flex-column-wrapper-legacy\"><div class=\"fusion-clearfix\"><\/div><\/div><\/div><\/div><\/div><div class=\"fusion-fullwidth fullwidth-box fusion-builder-row-2 nonhundred-percent-fullwidth non-hundred-percent-height-scrolling\" style=\"--awb-border-radius-top-left:0px;--awb-border-radius-top-right:0px;--awb-border-radius-bottom-right:0px;--awb-border-radius-bottom-left:0px;--awb-padding-top:70px;--awb-padding-bottom:50px;--awb-margin-bottom:0px;--awb-flex-wrap:wrap;\" ><div class=\"fusion-builder-row fusion-row\"><div class=\"fusion-layout-column fusion_builder_column fusion-builder-column-4 fusion_builder_column_1_3 1_3 fusion-one-third fusion-column-first fusion-animated\" style=\"--awb-bg-size:cover;--awb-border-color:#cecece;--awb-border-right:0;--awb-border-style:solid;--awb-margin-bottom:0px;width:33.333333333333%;width:calc(33.333333333333% - ( ( 100px ) * 0.33333333333333 ) );margin-right: 100px;\" data-animationType=\"fadeInLeft\" data-animationDuration=\"1.0\" data-animationOffset=\"top-into-view\"><div class=\"fusion-column-wrapper fusion-flex-column-wrapper-legacy\"><div class=\"fusion-title title fusion-title-2 fusion-sep-none fusion-title-text fusion-title-size-two\" style=\"--awb-text-color:#74bced;\"><h2 class=\"fusion-title-heading title-heading-left\" style=\"margin:0;\">Demana&#8217;ns pressupost!<\/h2><\/div><div class=\"fusion-text fusion-text-2\"><p><span style=\"font-size: 150%;\">Explica&#8217;ns qu\u00e8 est\u00e0s buscant i ens posarem en contacte amb tu per fer-te una proposta que s&#8217;ajusti a les teves necessitats.<\/span><\/p>\n<\/div><div class=\"fusion-text fusion-text-3\"><p>La forma m\u00e9s senzilla de contactar amb nosaltres \u00e9s mitjan\u00e7ant el seg\u00fcent formulari. Si us plau, deixa&#8217;ns les teves dades aqu\u00ed i et contactarem en menys de 24 hores.<\/p>\n<p>Si ho prefereixes, tamb\u00e9 pots trucar-nos al 931 124 350 o enviar-nos un e-mail a <a href=\"mailto:correo@avanservicios.com\">correo@avanservicios.com<\/a><\/p>\n<p>Som aqu\u00ed per ajudar-te i atendre&#8217;t amb la millor actitud i professionalitat possibles.<\/p>\n<\/div><div class=\"fusion-clearfix\"><\/div><\/div><\/div><div class=\"fusion-layout-column fusion_builder_column fusion-builder-column-5 fusion_builder_column_2_3 2_3 fusion-two-third fusion-column-last fusion-animated\" style=\"--awb-bg-size:cover;width:66.666666666667%;width:calc(66.666666666667% - ( ( 100px ) * 0.66666666666667 ) );\" data-animationType=\"fadeIn\" data-animationDuration=\"1.0\" data-animationOffset=\"top-into-view\"><div class=\"fusion-column-wrapper fusion-flex-column-wrapper-legacy\">\n<div class=\"wpcf7 no-js\" id=\"wpcf7-f779-o1\" lang=\"es-ES\" dir=\"ltr\">\n<div class=\"screen-reader-response\"><p role=\"status\" aria-live=\"polite\" aria-atomic=\"true\"><\/p> <ul><\/ul><\/div>\n<form action=\"\/ca\/wp-json\/wp\/v2\/pages\/778#wpcf7-f779-o1\" method=\"post\" class=\"wpcf7-form init\" aria-label=\"Formulario de contacto\" novalidate=\"novalidate\" data-status=\"init\">\n<div style=\"display: none;\">\n<input type=\"hidden\" name=\"_wpcf7\" value=\"779\" \/>\n<input type=\"hidden\" name=\"_wpcf7_version\" value=\"5.9.2\" \/>\n<input type=\"hidden\" name=\"_wpcf7_locale\" value=\"es_ES\" \/>\n<input type=\"hidden\" name=\"_wpcf7_unit_tag\" value=\"wpcf7-f779-o1\" \/>\n<input type=\"hidden\" name=\"_wpcf7_container_post\" value=\"0\" \/>\n<input type=\"hidden\" name=\"_wpcf7_posted_data_hash\" value=\"\" \/>\n<input type=\"hidden\" name=\"_wpcf7_recaptcha_response\" value=\"\" \/>\n<\/div>\n<div id=\"responsive-form\" class=\"clearfix\">\n\t<p style=\"margin-bottom:10px; margin-top:20px; font-weight:900; letter-spacing:1px;\">EN QUIN SERVEI EST\u00c0S INTERESSAT?\n\t<\/p>\n\t<div class=\"form-row\">\n\t\t<div class=\"column-full\">\n\t\t\t<p><span class=\"wpcf7-form-control-wrap\" data-name=\"radio-739\"><span class=\"wpcf7-form-control wpcf7-radio\"><span class=\"wpcf7-list-item first\"><input type=\"radio\" name=\"radio-739\" value=\"Auxiliars de Servei\/Controladors d&#039;acc\u00e9s\" checked=\"checked\" \/><span class=\"wpcf7-list-item-label\">Auxiliars de Servei\/Controladors d&#039;acc\u00e9s<\/span><\/span><span class=\"wpcf7-list-item\"><input type=\"radio\" name=\"radio-739\" value=\"Conserges\" \/><span class=\"wpcf7-list-item-label\">Conserges<\/span><\/span><span class=\"wpcf7-list-item last\"><input type=\"radio\" name=\"radio-739\" value=\"Recepcionistes\/Telefonistes\" \/><span class=\"wpcf7-list-item-label\">Recepcionistes\/Telefonistes<\/span><\/span><\/span><\/span>\n\t\t\t<\/p>\n\t\t<\/div>\n\t<\/div>\n\t<div class=\"fusion-separator fusion-full-width-sep sep-none\" style=\"margin-left: auto;margin-right: auto;margin-top:20px;\">\n\t<\/div>\n\t<p style=\"margin-bottom:10px; margin-top:20px; font-weight:900; letter-spacing:1px;\">DEIXA'NS LES TEVES DADES\n\t<\/p>\n\t<div class=\"form-row\">\n\t\t<div class=\"column-half\">\n\t\t\t<p><span class=\"wpcf7-form-control-wrap\" data-name=\"first-name\"><input size=\"40\" class=\"wpcf7-form-control wpcf7-text wpcf7-validates-as-required\" aria-required=\"true\" aria-invalid=\"false\" placeholder=\"Nom*\" value=\"\" type=\"text\" name=\"first-name\" \/><\/span>\n\t\t\t<\/p>\n\t\t<\/div>\n\t\t<div class=\"column-half\">\n\t\t\t<p><span class=\"wpcf7-form-control-wrap\" data-name=\"last-name\"><input size=\"40\" class=\"wpcf7-form-control wpcf7-text wpcf7-validates-as-required\" aria-required=\"true\" aria-invalid=\"false\" placeholder=\"Cognoms*\" value=\"\" type=\"text\" name=\"last-name\" \/><\/span>\n\t\t\t<\/p>\n\t\t<\/div>\n\t<\/div>\n\t<div class=\"form-row\">\n\t\t<div class=\"column-half\">\n\t\t\t<p><span class=\"wpcf7-form-control-wrap\" data-name=\"your-company\"><input size=\"40\" class=\"wpcf7-form-control wpcf7-text wpcf7-validates-as-required\" aria-required=\"true\" aria-invalid=\"false\" placeholder=\"Empresa*\" value=\"\" type=\"text\" name=\"your-company\" \/><\/span>\n\t\t\t<\/p>\n\t\t<\/div>\n\t\t<div class=\"column-half\">\n\t\t\t<p><span class=\"wpcf7-form-control-wrap\" data-name=\"provincia\"><input size=\"40\" class=\"wpcf7-form-control wpcf7-text wpcf7-validates-as-required\" aria-required=\"true\" aria-invalid=\"false\" placeholder=\"Prov\u00edncia*\" value=\"\" type=\"text\" name=\"provincia\" \/><\/span>\n\t\t\t<\/p>\n\t\t<\/div>\n\t<\/div>\n\t<div class=\"form-row\">\n\t\t<div class=\"column-half\">\n\t\t\t<p><span class=\"wpcf7-form-control-wrap\" data-name=\"your-email\"><input size=\"40\" class=\"wpcf7-form-control wpcf7-email wpcf7-validates-as-required wpcf7-text wpcf7-validates-as-email\" aria-required=\"true\" aria-invalid=\"false\" placeholder=\"Email*\" value=\"\" type=\"email\" name=\"your-email\" \/><\/span>\n\t\t\t<\/p>\n\t\t<\/div>\n\t\t<div class=\"column-half\">\n\t\t\t<p><span class=\"wpcf7-form-control-wrap\" data-name=\"your-phone\"><input size=\"40\" class=\"wpcf7-form-control wpcf7-text wpcf7-validates-as-required\" aria-required=\"true\" aria-invalid=\"false\" placeholder=\"Tel\u00e8fon*\" value=\"\" type=\"text\" name=\"your-phone\" \/><\/span>\n\t\t\t<\/p>\n\t\t<\/div>\n\t<\/div>\n\t<div class=\"form-row\">\n\t\t<div class=\"column-full\">\n\t\t\t<p><span class=\"wpcf7-form-control-wrap\" data-name=\"your-message\"><textarea cols=\"40\" rows=\"10\" class=\"wpcf7-form-control wpcf7-textarea wpcf7-validates-as-required\" aria-required=\"true\" aria-invalid=\"false\" placeholder=\"Observacions*\" name=\"your-message\"><\/textarea><\/span>\n\t\t\t<\/p>\n\t\t<\/div>\n\t<\/div>\n\t<div class=\"form-row\">\n\t\t<div class=\"column-full\">\n\t\t\t<p><span style=\"font-size: 85%; \"><span class=\"wpcf7-form-control-wrap\" data-name=\"checkbox-450\"><span class=\"wpcf7-form-control wpcf7-checkbox wpcf7-validates-as-required\"><span class=\"wpcf7-list-item first last\"><input type=\"checkbox\" name=\"checkbox-450[]\" value=\"Accepto la pol\u00edtica de privacitat.\" \/><span class=\"wpcf7-list-item-label\">Accepto la pol\u00edtica de privacitat.<\/span><\/span><\/span><\/span><a target=\"_blank\" href=\"https:\/\/www.avanservicios.com\/ca\/politica-de-privacitat\/\"><\/a>M\u00e9s informaci\u00f3<\/span><br \/>\n<span style=\"font-size: 85%;\"><span class=\"wpcf7-form-control-wrap\" data-name=\"checkbox-205\"><span class=\"wpcf7-form-control wpcf7-checkbox\"><span class=\"wpcf7-list-item first last\"><input type=\"checkbox\" name=\"checkbox-205[]\" value=\"Accepto rebre comunicacions informatives \/ comercials d&#039;AVAN\" \/><span class=\"wpcf7-list-item-label\">Accepto rebre comunicacions informatives \/ comercials d&#039;AVAN<\/span><\/span><\/span><\/span><\/span>\n\t\t\t<\/p>\n\t\t<\/div>\n\t<\/div>\n\t<div class=\"form-row\">\n\t\t<div class=\"column-full\">\n\t\t\t<p><span style=\"font-size: 85%;\">D'acord amb la la Llei org\u00e0nica 3\/2018, de 5 de desembre, de Protecci\u00f3 de Dades Personals i Garantia dels Drets Digitals (LOPDGDD), les dades personals recollits en el present formulari seran objecte de tractament per part de AVAN amb la finalitat de posar-nos en contacte amb vost\u00e8 i oferir una resposta a les consultes plantejades per mitj\u00e0 del present formulari. La base legal per al tractament de les seves dades \u00e9s el seu consentiment, el desenvolupament de mesures precontractuals o contractuals, el compliment d'obligacions legals i\/o l'inter\u00e8s leg\u00edtim de AVAN. Es podran exercir els drets d'acc\u00e9s, supressi\u00f3, rectificaci\u00f3, oposici\u00f3, portabilitat o limitaci\u00f3 mitjan\u00e7ant correu electr\u00f2nic a l'adre\u00e7a correo@avanservicios.com. En tot cas, els interessats tenen el dret de presentar una reclamaci\u00f3 davant l'Autoritat de Protecci\u00f3 de Dades corresponent. Les dades personals proporcionades es conservaran pel per\u00edode legal o contractualment previst, o mentre es mantingui el consentiment de l'interessat. No es far\u00e0 cessi\u00f3 de les dades recollides, excepte per obligaci\u00f3 legal o cessions autoritzades per llei. Preguem, comuniqui de manera immediata a correo@avanservicios.com qualsevol canvi o modificaci\u00f3 que es produeixi en relaci\u00f3 a les dades que ens ha proporcionat, amb la finalitat que aquests responguin amb veracitat a la seva situaci\u00f3 personal en tot moment.<\/span>\n\t\t\t<\/p>\n\t\t<\/div>\n\t<\/div>\n\t<div class=\"form-row\">\n\t\t<div class=\"column-full\">\n\t\t\n\t\t<\/div>\n\t<\/div>\n\t<div class=\"form-row\">\n\t\t<div class=\"column-full\">\n\t\t\t<p><input class=\"wpcf7-form-control wpcf7-submit has-spinner\" type=\"submit\" value=\"Enviar\" \/>\n\t\t\t<\/p>\n\t\t<\/div>\n\t<\/div>\n<\/div><!--end responsive-form--><div class=\"fusion-alert alert custom alert-custom fusion-alert-center wpcf7-response-output fusion-alert-capitalize awb-alert-native-link-color alert-dismissable awb-alert-close-boxed\" style=\"--awb-border-size:1px;--awb-border-top-left-radius:0px;--awb-border-top-right-radius:0px;--awb-border-bottom-left-radius:0px;--awb-border-bottom-right-radius:0px;\" role=\"alert\"><div class=\"fusion-alert-content-wrapper\"><span class=\"fusion-alert-content\"><\/span><\/div><button type=\"button\" class=\"close toggle-alert\" data-dismiss=\"alert\" aria-label=\"Close\">&times;<\/button><\/div>\n<\/form>\n<\/div>\n<div class=\"fusion-clearfix\"><\/div><\/div><\/div><\/div><\/div><div class=\"fusion-fullwidth fullwidth-box fusion-builder-row-3 hundred-percent-fullwidth non-hundred-percent-height-scrolling\" style=\"--awb-border-radius-top-left:0px;--awb-border-radius-top-right:0px;--awb-border-radius-bottom-right:0px;--awb-border-radius-bottom-left:0px;--awb-padding-top:0px;--awb-padding-right:0px;--awb-padding-bottom:0px;--awb-padding-left:0px;--awb-margin-top:0px;--awb-margin-bottom:0px;--awb-flex-wrap:wrap;\" ><div class=\"fusion-builder-row fusion-row\"><div class=\"fusion-layout-column fusion_builder_column fusion-builder-column-6 fusion_builder_column_1_1 1_1 fusion-one-full fusion-column-first fusion-column-last fusion-animated\" style=\"--awb-bg-size:cover;--awb-margin-bottom:0px;\" data-animationType=\"fadeIn\" data-animationDuration=\"1.0\" data-animationOffset=\"top-into-view\"><div class=\"fusion-column-wrapper fusion-flex-column-wrapper-legacy\"><div class=\"fusion-align-block\"><a class=\"fusion-button button-flat button-xlarge button-custom fusion-button-default button-1 fusion-button-span-yes fusion-button-default-type\" style=\"--button_accent_color:#ffffff;--button_accent_hover_color:#ffffff;--button_border_hover_color:#ffffff;--button_gradient_top_color:#74bced;--button_gradient_bottom_color:#74bced;--button_gradient_top_color_hover:#0f283c;--button_gradient_bottom_color_hover:#0f283c;\" target=\"_self\" href=\"https:\/\/www.avanservicios.com\/ca\/contacte\/\"><span class=\"fusion-button-text\">M\u00e9s informaci\u00f3<\/span><i class=\"fa-arrow-right fas button-icon-right\" aria-hidden=\"true\"><\/i><\/a><\/div><div class=\"fusion-clearfix\"><\/div><\/div><\/div><\/div><\/div><\/p>\n","protected":false},"excerpt":{"rendered":"","protected":false},"author":1,"featured_media":0,"parent":0,"menu_order":0,"comment_status":"closed","ping_status":"closed","template":"100-width.php","meta":{"footnotes":""},"yoast_head":"<!-- This site is optimized with the Yoast SEO plugin v22.1 - https:\/\/yoast.com\/wordpress\/plugins\/seo\/ -->\n<title>Demani&#039;ns pressupost - Avan Servicios Externos<\/title>\n<meta name=\"robots\" content=\"index, follow, max-snippet:-1, max-image-preview:large, max-video-preview:-1\" \/>\n<link rel=\"canonical\" href=\"https:\/\/www.avanservicios.com\/ca\/demanins-pressupost\/\" \/>\n<meta property=\"og:locale\" content=\"ca_ES\" \/>\n<meta property=\"og:type\" content=\"article\" \/>\n<meta property=\"og:title\" content=\"Demani&#039;ns pressupost - Avan Servicios Externos\" \/>\n<meta property=\"og:url\" content=\"https:\/\/www.avanservicios.com\/ca\/demanins-pressupost\/\" \/>\n<meta property=\"og:site_name\" content=\"Avan Servicios Externos\" \/>\n<meta property=\"article:modified_time\" content=\"2025-02-17T11:14:24+00:00\" \/>\n<meta name=\"twitter:card\" content=\"summary_large_image\" \/>\n<meta name=\"twitter:label1\" content=\"Temps estimat de lectura\" \/>\n\t<meta name=\"twitter:data1\" content=\"2 minuts\" \/>\n<script type=\"application\/ld+json\" class=\"yoast-schema-graph\">{\"@context\":\"https:\/\/schema.org\",\"@graph\":[{\"@type\":\"WebPage\",\"@id\":\"https:\/\/www.avanservicios.com\/ca\/demanins-pressupost\/\",\"url\":\"https:\/\/www.avanservicios.com\/ca\/demanins-pressupost\/\",\"name\":\"Demani'ns pressupost - Avan Servicios Externos\",\"isPartOf\":{\"@id\":\"https:\/\/www.avanservicios.com\/#website\"},\"datePublished\":\"2019-01-30T16:43:29+00:00\",\"dateModified\":\"2025-02-17T11:14:24+00:00\",\"breadcrumb\":{\"@id\":\"https:\/\/www.avanservicios.com\/ca\/demanins-pressupost\/#breadcrumb\"},\"inLanguage\":\"ca\",\"potentialAction\":[{\"@type\":\"ReadAction\",\"target\":[\"https:\/\/www.avanservicios.com\/ca\/demanins-pressupost\/\"]}]},{\"@type\":\"BreadcrumbList\",\"@id\":\"https:\/\/www.avanservicios.com\/ca\/demanins-pressupost\/#breadcrumb\",\"itemListElement\":[{\"@type\":\"ListItem\",\"position\":1,\"name\":\"Portada\",\"item\":\"https:\/\/www.avanservicios.com\/ca\/\"},{\"@type\":\"ListItem\",\"position\":2,\"name\":\"Demani&#8217;ns pressupost\"}]},{\"@type\":\"WebSite\",\"@id\":\"https:\/\/www.avanservicios.com\/#website\",\"url\":\"https:\/\/www.avanservicios.com\/\",\"name\":\"Avan Servicios Externos\",\"description\":\"Descripci\u00f3n de la empresa\",\"potentialAction\":[{\"@type\":\"SearchAction\",\"target\":{\"@type\":\"EntryPoint\",\"urlTemplate\":\"https:\/\/www.avanservicios.com\/?s={search_term_string}\"},\"query-input\":\"required name=search_term_string\"}],\"inLanguage\":\"ca\"}]}<\/script>\n<!-- \/ Yoast SEO plugin. -->","yoast_head_json":{"title":"Demani'ns pressupost - Avan Servicios Externos","robots":{"index":"index","follow":"follow","max-snippet":"max-snippet:-1","max-image-preview":"max-image-preview:large","max-video-preview":"max-video-preview:-1"},"canonical":"https:\/\/www.avanservicios.com\/ca\/demanins-pressupost\/","og_locale":"ca_ES","og_type":"article","og_title":"Demani'ns pressupost - Avan Servicios Externos","og_url":"https:\/\/www.avanservicios.com\/ca\/demanins-pressupost\/","og_site_name":"Avan Servicios Externos","article_modified_time":"2025-02-17T11:14:24+00:00","twitter_card":"summary_large_image","twitter_misc":{"Temps estimat de lectura":"2 minuts"},"schema":{"@context":"https:\/\/schema.org","@graph":[{"@type":"WebPage","@id":"https:\/\/www.avanservicios.com\/ca\/demanins-pressupost\/","url":"https:\/\/www.avanservicios.com\/ca\/demanins-pressupost\/","name":"Demani'ns pressupost - Avan Servicios Externos","isPartOf":{"@id":"https:\/\/www.avanservicios.com\/#website"},"datePublished":"2019-01-30T16:43:29+00:00","dateModified":"2025-02-17T11:14:24+00:00","breadcrumb":{"@id":"https:\/\/www.avanservicios.com\/ca\/demanins-pressupost\/#breadcrumb"},"inLanguage":"ca","potentialAction":[{"@type":"ReadAction","target":["https:\/\/www.avanservicios.com\/ca\/demanins-pressupost\/"]}]},{"@type":"BreadcrumbList","@id":"https:\/\/www.avanservicios.com\/ca\/demanins-pressupost\/#breadcrumb","itemListElement":[{"@type":"ListItem","position":1,"name":"Portada","item":"https:\/\/www.avanservicios.com\/ca\/"},{"@type":"ListItem","position":2,"name":"Demani&#8217;ns pressupost"}]},{"@type":"WebSite","@id":"https:\/\/www.avanservicios.com\/#website","url":"https:\/\/www.avanservicios.com\/","name":"Avan Servicios Externos","description":"Descripci\u00f3n de la empresa","potentialAction":[{"@type":"SearchAction","target":{"@type":"EntryPoint","urlTemplate":"https:\/\/www.avanservicios.com\/?s={search_term_string}"},"query-input":"required name=search_term_string"}],"inLanguage":"ca"}]}},"_links":{"self":[{"href":"https:\/\/www.avanservicios.com\/ca\/wp-json\/wp\/v2\/pages\/778"}],"collection":[{"href":"https:\/\/www.avanservicios.com\/ca\/wp-json\/wp\/v2\/pages"}],"about":[{"href":"https:\/\/www.avanservicios.com\/ca\/wp-json\/wp\/v2\/types\/page"}],"author":[{"embeddable":true,"href":"https:\/\/www.avanservicios.com\/ca\/wp-json\/wp\/v2\/users\/1"}],"replies":[{"embeddable":true,"href":"https:\/\/www.avanservicios.com\/ca\/wp-json\/wp\/v2\/comments?post=778"}],"version-history":[{"count":6,"href":"https:\/\/www.avanservicios.com\/ca\/wp-json\/wp\/v2\/pages\/778\/revisions"}],"predecessor-version":[{"id":1929,"href":"https:\/\/www.avanservicios.com\/ca\/wp-json\/wp\/v2\/pages\/778\/revisions\/1929"}],"wp:attachment":[{"href":"https:\/\/www.avanservicios.com\/ca\/wp-json\/wp\/v2\/media?parent=778"}],"curies":[{"name":"wp","href":"https:\/\/api.w.org\/{rel}","templated":true}]}}