{"id":747,"date":"2019-01-30T15:45:37","date_gmt":"2019-01-30T15:45:37","guid":{"rendered":"https:\/\/www.avanservicios.com\/?page_id=747"},"modified":"2023-11-14T08:23:39","modified_gmt":"2023-11-14T08:23:39","slug":"politica-de-privacitat","status":"publish","type":"page","link":"https:\/\/www.avanservicios.com\/ca\/politica-de-privacitat\/","title":{"rendered":"Pol\u00edtica de privacitat"},"content":{"rendered":"<p><div class=\"fusion-fullwidth fullwidth-box fusion-builder-row-1 nonhundred-percent-fullwidth non-hundred-percent-height-scrolling fusion-equal-height-columns\" style=\"--awb-border-radius-top-left:0px;--awb-border-radius-top-right:0px;--awb-border-radius-bottom-right:0px;--awb-border-radius-bottom-left:0px;--awb-padding-top:50px;--awb-padding-bottom:20px;--awb-flex-wrap:wrap;\" ><div class=\"fusion-builder-row fusion-row\"><div class=\"fusion-layout-column fusion_builder_column fusion-builder-column-0 fusion_builder_column_1_1 1_1 fusion-one-full fusion-column-first fusion-column-last fusion-animated\" style=\"--awb-bg-size:cover;\" data-animationType=\"fadeIn\" data-animationDuration=\"1.0\" data-animationOffset=\"top-into-view\"><div class=\"fusion-column-wrapper fusion-flex-column-wrapper-legacy\"><div class=\"fusion-title title fusion-title-1 fusion-sep-none fusion-title-center fusion-title-text fusion-title-size-one\" style=\"--awb-text-color:#0f283c;--awb-margin-bottom:0px;--awb-font-size:50px;\"><h1 class=\"fusion-title-heading title-heading-center\" style=\"margin:0;font-size:1em;\">Pol\u00edtica de privacitat<\/h1><\/div><div class=\"fusion-clearfix\"><\/div><\/div><\/div><\/div><\/div><div class=\"fusion-fullwidth fullwidth-box fusion-builder-row-2 nonhundred-percent-fullwidth non-hundred-percent-height-scrolling fusion-equal-height-columns\" style=\"--awb-border-radius-top-left:0px;--awb-border-radius-top-right:0px;--awb-border-radius-bottom-right:0px;--awb-border-radius-bottom-left:0px;--awb-padding-top:20px;--awb-padding-bottom:50px;--awb-margin-bottom:0px;--awb-flex-wrap:wrap;\" ><div class=\"fusion-builder-row fusion-row\"><div class=\"fusion-layout-column fusion_builder_column fusion-builder-column-1 fusion_builder_column_1_1 1_1 fusion-one-full fusion-column-first fusion-column-last fusion-animated\" style=\"--awb-bg-size:cover;--awb-margin-bottom:0px;\" data-animationType=\"fadeIn\" data-animationDuration=\"1.0\" data-animationOffset=\"top-into-view\"><div class=\"fusion-column-wrapper fusion-flex-column-wrapper-legacy\"><div class=\"fusion-column-content-centered\"><div class=\"fusion-column-content\"><div class=\"fusion-title title fusion-title-2 fusion-sep-none fusion-title-text fusion-title-size-two\" style=\"--awb-text-color:#74bced;\"><h2 class=\"fusion-title-heading title-heading-left\" style=\"margin:0;\">Pol\u00edtica de privacitat<\/h2><\/div><div class=\"fusion-text fusion-text-1\"><table width=\"595\">\n<tbody>\n<tr>\n<td colspan=\"2\" width=\"595\"><strong>RESPONSABLE<\/strong><\/td>\n<\/tr>\n<tr>\n<td width=\"225\">Identitat i dades de contacte<\/td>\n<td width=\"371\">AVAN SERVICIOS EXTERNOS S.L.<\/td>\n<\/tr>\n<tr>\n<td width=\"225\">Direcci\u00f3 postal<\/td>\n<td width=\"371\">C\/ Laure\u00e0 Mir\u00f3, 313, Bajos, 08980, Sant Feliu de Llobregat (Barcelona)<\/td>\n<\/tr>\n<tr>\n<td width=\"225\">Correu electr\u00f2nic<\/td>\n<td width=\"371\"><a href=\"mailto:correo@avanservicios.com\">correo@avanservicios.com<\/a><\/td>\n<\/tr>\n<\/tbody>\n<\/table>\n<p>En compliment del que es disposa en l&#8217;article 11 de la Llei org\u00e0nica 3\/2018, de 5 de desembre, de Protecci\u00f3 de Dades Personals i garantia dels drets digitals (d&#8217;ara endavant, LOPDGDD), <strong>AVAN<\/strong> l&#8217;informa que les dades de car\u00e0cter personal que ens proporcioni durant la seva navegaci\u00f3 i\/o mitjan\u00e7ant l&#8217;emplenament dels formularis del WEBSITE seran objecte de tractament per part de <strong>AVAN<\/strong>, el qual t\u00e9 per FINALITAT gestionar els serveis oferts. Tractem la informaci\u00f3 que ens facilita com a client i de les persones de contacte que participen de la relaci\u00f3 comercial durant el per\u00edode de vig\u00e8ncia de la mateixa amb la finalitat de mantenir la relaci\u00f3 contractual i comercial, fer tasques administratives relacionades amb aquests serveis i oferir-li un servei \u00f2ptim i de qualitat per mitj\u00e0 del WEBSITE i\/o la indicada en la cl\u00e0usula de protecci\u00f3 de dades que es troba al costat del formulari que vost\u00e8 acaba d&#8217;emplenar.<\/p>\n<p><strong>\u00bfCOM UTILITZEM LES SEVES DADES?<\/strong><\/p>\n<p>En <strong>AVAN<\/strong> tractem la informaci\u00f3 que ens faciliten els nostres clients, amb la finalitat de prestar els serveis sol\u00b7licitats.<\/p>\n<p>Usem la informaci\u00f3 de la qual disposem, segons les seves decisions, per a proporcionar-li un servei de qualitat, aix\u00ed com per a assegurar el funcionament d&#8217;aquest. La informaci\u00f3 proporcionada tamb\u00e9 li servir\u00e0 per a accedir i utilitzar el nostre WEBSITE i proporcionar-li informaci\u00f3 sobre els productes i serveis que desitgi.<\/p>\n<p>A m\u00e9s utilitzem la informaci\u00f3 de la qual disposem per a combatre conductes perjudicials, sospitoses o infraccions de les nostres condicions i pol\u00edtiques, detectar i prevenir spam i conservar la integritat dels nostres productes, serveis i dades recopilades, prenent les mesures de seguretat pertinents conforme a les dades recopilades i a les finalitats del tractament per a garantir la confidencialitat i seguretat de les seves dades de car\u00e0cter personal quan aquests s\u00f3n objecte de tractament en la mesura que la nostra entitat t\u00e9 implantades les pol\u00edtiques de tractament i mesures de seguretat a les quals es refereix la normativa europea vigent de protecci\u00f3 de dades. Les pol\u00edtiques de tractament i mesures de seguretat implantades en <strong>AVAN<\/strong> tenen la finalitat d&#8217;evitar l&#8217;alteraci\u00f3, p\u00e8rdua, tractament o \u00fas no autoritzat de les seves dades de car\u00e0cter personal.<\/p>\n<p>Tamb\u00e9 utilitzem la informaci\u00f3 que ens proporciona per a respondre-li quan es posa en contacte amb nosaltres o per a comunicar-nos amb vost\u00e8 en els casos en qu\u00e8 est\u00e0 legalment perm\u00e8s.<\/p>\n<p><strong>AVAN<\/strong> pot tenir pres\u00e8ncia en xarxes socials. El tractament de les dades que es dugui a terme de les persones que es facin seguidores en les xarxes socials de les p\u00e0gines oficials de <strong>AVAN<\/strong> es regir\u00e0 per aquest apartat. Aix\u00ed com per aquelles condicions d&#8217;\u00fas, pol\u00edtiques de privacitat i normatives d&#8217;acc\u00e9s que pertanyin a la xarxa social que procedeixi en cada cas i acceptades pr\u00e8viament per l&#8217;usuari de <strong>AVAN<\/strong>. Tractar\u00e0 les seves dades amb les finalitats d&#8217;administrar correctament la seva pres\u00e8ncia en la xarxa social, informant d&#8217;activitats, productes o serveis de <strong>AVAN<\/strong>. Aix\u00ed com per a qualsevol altra finalitat que les normatives de les xarxes socials permetin. En cap cas utilitzarem els perfils de seguidors en xarxes socials per a enviar publicitat de manera individual.<\/p>\n<p>L&#8217;usuari, marcant i acceptant la casella corresponent a comunicacions comercials (check-box) consent expressament que <strong>AVAN<\/strong> li remeti un newsletter (butllet\u00ed informatiu) amb novetats, missatges de m\u00e0rqueting, publicitat i\/o informacions relacionades amb la nostra entitat, els serveis que prestem i\/o els nostres productes, a m\u00e9s d&#8217;informar-lo sobre les nostres pol\u00edtiques i condicions.<\/p>\n<p>Les dades recollides no seran tractats de manera incompatible amb els fins indicats.<em>\u00a0<\/em><\/p>\n<p><strong>\u00bfQUINA INFORMACI\u00d3 RECOLLIM?<\/strong><\/p>\n<p>El tipus d&#8217;informaci\u00f3 recollida per <strong>AVAN<\/strong> dep\u00e8n de l&#8217;\u00fas que vost\u00e8 faci del WEBSITE, la informaci\u00f3 sobre la informaci\u00f3 que recopilem i com eliminar-la la trobar\u00e0 en l&#8217;apartat relatiu a l&#8217;exercici de drets d&#8217;aquesta Pol\u00edtica de Privacitat.<\/p>\n<ul>\n<li>Recopilem la informaci\u00f3 que ens proporciona quan navega pel nostre WEBSITE, espec\u00edficament les dades d&#8217;identificaci\u00f3 i registre inclosos en formularis o dades i missatges que ens comuniqui mitjan\u00e7ant aquests. Aquestes dades poden incloure: el seu nom i cognoms, tel\u00e8fon i correu electr\u00f2nic a m\u00e9s d&#8217;altres dades necess\u00e0ries per a processar la seva sol\u00b7licitud o comunicaci\u00f3.<\/li>\n<li>Podem rebre informaci\u00f3 identificativa quan ens envi\u00ef un correu electr\u00f2nic o quan contacti amb nosaltres.<\/li>\n<li>Podem rebre, actualment o en un futur, informaci\u00f3 identificativa quan accedeixi o inici\u00ef sessi\u00f3 en una altra p\u00e0gina, com per exemple una xarxa social, des del nostre WEBSITE. Aix\u00f2 pot incloure text i\/o imatges de la seva Informaci\u00f3 Personal Identificable disponible en aquestes terceres p\u00e0gines.<\/li>\n<\/ul>\n<p>La RESPOSTA als formularis plantejats per a rebre informaci\u00f3 dels serveis oferts per <strong>AVAN<\/strong>, aix\u00ed com de qualsevol altre q\u00fcestionari que pugui facilitar-se en un futur, \u00e9s totalment potestativa. No obstant aix\u00f2, la negativa del client o usuari a facilitar determinades dades podr\u00e0 impossibilitar la prestaci\u00f3 dels serveis oferts per <strong>AVAN<\/strong>.<\/p>\n<p>L&#8217;informem que tamb\u00e9 utilitzem (o podem utilitzar) galetes mentre visita el nostre WEBSITE. Per a m\u00e9s informaci\u00f3 sobre el nostre \u00fas de galetes, si us plau, dirigeixi&#8217;s a nostra <em><u>\u201c<a href=\"https:\/\/www.avanservicios.com\/ca\/politica-de-cookies\/\">Pol\u00edtica de Galetes<\/a><\/u><\/em><em><u>\u201d<\/u><\/em><\/p>\n<p><strong>D&#8217;ON PROCEDEIX LA INFORMACI\u00d3 RECOLLIDA?<\/strong><\/p>\n<p>La informaci\u00f3 que recollim mitjan\u00e7ant el WEBSITE prov\u00e9 exclusivament de vost\u00e8. No rebem dades de tercers ni de fonts d&#8217;acc\u00e9s p\u00fablic.<\/p>\n<p><strong>QUINA BASE LEGAL ENS LEGITIMA PER A TRACTAR LES DADES RECOLLIDES?<\/strong><\/p>\n<p>La base legal per al tractament de les seves dades \u00e9s la seg\u00fcent:<\/p>\n<ul>\n<li>L&#8217;execuci\u00f3 del contracte en el qual vost\u00e8 \u00e9s part o l&#8217;empresa a la qual representa i <strong>AVAN<\/strong> o per a l&#8217;aplicaci\u00f3 de mesures precontractuals.<\/li>\n<li>El consentiment prestat mitjan\u00e7ant l&#8217;acceptaci\u00f3 expressa de la present Pol\u00edtica de privacitat, el qual pot revocar en qualsevol moment. Per a m\u00e9s informaci\u00f3 sobre la possibilitat de revocar el seu consentiment dirigeixi&#8217;s a l&#8217;apartat relatiu a l&#8217;exercici de drets d&#8217;aquesta Pol\u00edtica.<\/li>\n<li>L&#8217;inter\u00e8s leg\u00edtim d\u2019<strong>AVAN<\/strong>.<\/li>\n<li>El compliment d&#8217;obligacions legals d\u2019<strong>AVAN<\/strong>.<strong><br \/>\n<\/strong><\/li>\n<\/ul>\n<p><strong>CONSERVEM LES SEVES DADES?<\/strong><\/p>\n<p>Les dades personals proporcionades es conservaran durant el temps necessari per al compliment de les finalitats previstes del tractament. El temps durant el qual conservem les seves dades dependr\u00e0 de les finalitats per a les quals s\u00f3n recollits i el compliment d&#8217;obligacions legals d\u2019<strong>AVAN<\/strong>. Les dades es conservaran mentre no se sol\u00b7liciti la seva supressi\u00f3 per l&#8217;interessat. Per a m\u00e9s informaci\u00f3 sobre com suprimir les seves dades, dirigeixi&#8217;s a l&#8217;apartat referit a l&#8217;exercici de drets de la present Pol\u00edtica de Privacitat. Les dades obtingudes es conservaran durant el manteniment del vincle contractual amb el client i despr\u00e9s de la finalitzaci\u00f3 de la relaci\u00f3, fins que puguin exigir-se responsabilitats d&#8217;acord amb la legislaci\u00f3 vigent en \u00e0mbit mercantil, fiscal i per a complir amb les obligacions relacionades amb l&#8217;\u00e0mbit professional.<\/p>\n<p><strong>COM ACTUALITZEM LA SEVA INFORMACI\u00d3?<\/strong><\/p>\n<p>Tota la informaci\u00f3 que faciliti l&#8217;usuari a trav\u00e9s del registre o emplenant els formularis del WEBSITE haur\u00e0 de ser vera\u00e7. D&#8217;igual forma, ser\u00e0 responsabilitat de l&#8217;usuari mantenir tota la informaci\u00f3 facilitada a <strong>AVAN<\/strong> permanentment actualitzada de manera que respongui, a cada moment, a la situaci\u00f3 real de l&#8217;usuari. L&#8217;usuari ser\u00e0 l&#8217;\u00fanic responsable de les manifestacions falses o inexactes que realitzi i dels perjudicis que causi a <strong>AVAN<\/strong> o a tercers per la informaci\u00f3 que faciliti.<\/p>\n<p>Preguem que comuniqui de manera immediata a <strong>AVAN<\/strong> qualsevol canvi o modificaci\u00f3 que es produeixi en relaci\u00f3 a les dades que ens ha proporcionat, amb la finalitat que aquests responguin amb veracitat a la seva situaci\u00f3 personal en tot moment.<\/p>\n<p><strong>COM POT EXERCIR ELS SEUS DRETS?<\/strong><\/p>\n<p>De conformitat amb la LOPDGDD, vost\u00e8 disposa dels seg\u00fcents drets:<\/p>\n<ul>\n<li>Dret a obtenir confirmaci\u00f3 sobre si en <strong>AVAN<\/strong> estem tractant dades personals que el concerneixen, o no.<\/li>\n<li>Dret a sol\u00b7licitar l&#8217;acc\u00e9s a les dades personals de qu\u00e8 disposem relatius a la seva persona<\/li>\n<li>Dret a sol\u00b7licitar la seva rectificaci\u00f3 o supressi\u00f3, per exemple, podr\u00e0 demanar que la seva adre\u00e7a de correu electr\u00f2nic es rectifiqui si la mateixa \u00e9s err\u00f2nia o demanar la supressi\u00f3 de les dades que <strong>AVAN<\/strong> disposa quan, entre altres motius, ja no siguin necessaris per als fins que van ser recollits. En el moment de la supressi\u00f3 de les dades, nom\u00e9s els conservarem bloquejats per al compliment d&#8217;obligacions legals.<\/li>\n<li>Dret a sol\u00b7licitar la limitaci\u00f3 del seu tractament, per exemple, t\u00e9 dret a limitar el tractament de les seves dades per a fins de m\u00e0rqueting, podent comunicar-se amb nosaltres perqu\u00e8 es doni de baixa la seva subscripci\u00f3 al NEWSLETTER o comunicacions comercials. En aquest cas, nom\u00e9s conservarem les dades per a l&#8217;exercici o la defensa de reclamacions.<\/li>\n<li>Dret a oposar-se al tractament i retirar el consentiment en qualsevol moment, per exemple, pot demanar a <strong>AVAN<\/strong> deixi de tractar les seves dades, sense que aix\u00f2 afecti la licitud del tractament basat en el consentiment previ a la seva retirada, <strong>AVAN<\/strong> deixant de tractar les dades excepte per motius leg\u00edtims o l&#8217;exercici o la defensa davant possibles reclamacions.<\/li>\n<li>Dret a la portabilitat de les dades en suport automatitzat a un altre responsable en els sup\u00f2sits de tractaments que permet la LOPDGDD.<\/li>\n<\/ul>\n<p>Pot exercir aquests drets enviant un email a correo@avanservicios.com qualsevol indicant en l&#8217;assumpte \u201cExercici de drets LOPDGDD\u201d i el seg\u00fcent contingut:<\/p>\n<ul>\n<li>El seu nom i cognoms o nom d&#8217;usuari,<\/li>\n<li>DNI\/NIE<\/li>\n<li>Correu electr\u00f2nic<\/li>\n<li>Dret que es vol exercir<\/li>\n<li>Informaci\u00f3 sobre la qual vol tenir acc\u00e9s, rectificar, suprimir, limitar el tractament o exercir el seu dret de portabilitat<\/li>\n<\/ul>\n<p>Aix\u00ed mateix, els interessats podran presentar una reclamaci\u00f3 davant l&#8217;Autoritat de Control en mat\u00e8ria de Protecci\u00f3 de Dades competent, especialment quan no hagi obtingut satisfacci\u00f3 en l&#8217;exercici dels seus drets, mitjan\u00e7ant el seg\u00fcent enlla\u00e7:<\/p>\n<p><a href=\"https:\/\/sedeagpd.gob.es\/sede-electronica-web\/vistas\/formNuevaReclamacion\/solicitudReclamacion.jsf;jsessionid=58939FC9F6DAB8144DD8E79FC94D0A40\">https:\/\/sedeagpd.gob.es\/sede-electronica-web\/vistas\/formNuevaReclamacion\/solicitudReclamacion.jsf;jsessionid=58939FC9F6DAB8144DD8E79FC94D0A40<\/a><\/p>\n<p><strong>TRANSFERIM O CEDIM LES SEVES DADES A TERCERS?<\/strong><\/p>\n<p>Les dades no es comunicaran ni transferiran a tercers, excepte als possibles Encarregats de Tractament (prove\u00efdors que presten servei a la nostra entitat).<\/p>\n<p><strong>AVAN<\/strong> pot compartir la seva informaci\u00f3 amb diverses autoritats governamentals en resposta a compareixences, ordres judicials o altres processos legals o per a qualsevol altre assumpte requerit per la llei. Les seves dades no es comunicaran a tercers excepte per obligaci\u00f3 legal a l&#8217;Ag\u00e8ncia Tribut\u00e0ria, Jutjats i Tribunals, a Bancs i Entitats financeres per a q\u00fcestions relacionades amb el pagament dels serveis i als nostres corresponsables en el cas que fos necessari per a complir amb el servei encarregat.<\/p>\n<p>Per a la seva comoditat i inter\u00e8s podem proporcionar vincles a p\u00e0gines que gestionen organitzadors diferents (&#8220;P\u00e0gines de tercers&#8221;). No divulguem la seva informaci\u00f3 a aquestes P\u00e0gines de tercers sense el seu consentiment. Aix\u00ed i tot, no aprovem i no som responsables de les pr\u00e0ctiques de privacitat d&#8217;aquestes p\u00e0gines. Si decideix entrar en un enlla\u00e7 d&#8217;una d&#8217;aquestes p\u00e0gines de tercers, hauria de revisar la Pol\u00edtica de Privacitat publicada en aquesta p\u00e0gina, per a entendre com aquesta p\u00e0gina de tercers recull i utilitza les seves dades personals.<\/p>\n<\/div><\/div><\/div><div class=\"fusion-clearfix\"><\/div><\/div><\/div><\/div><\/div><div class=\"fusion-fullwidth fullwidth-box fusion-builder-row-3 hundred-percent-fullwidth non-hundred-percent-height-scrolling\" style=\"--awb-border-radius-top-left:0px;--awb-border-radius-top-right:0px;--awb-border-radius-bottom-right:0px;--awb-border-radius-bottom-left:0px;--awb-padding-top:0px;--awb-padding-right:0px;--awb-padding-bottom:0px;--awb-padding-left:0px;--awb-margin-top:0px;--awb-margin-bottom:0px;--awb-flex-wrap:wrap;\" ><div class=\"fusion-builder-row fusion-row\"><div class=\"fusion-layout-column fusion_builder_column fusion-builder-column-2 fusion_builder_column_1_1 1_1 fusion-one-full fusion-column-first fusion-column-last\" style=\"--awb-bg-size:cover;--awb-margin-bottom:0px;\"><div class=\"fusion-column-wrapper fusion-flex-column-wrapper-legacy\"><div class=\"fusion-align-block\"><a class=\"fusion-button button-flat button-xlarge button-custom fusion-button-default button-1 fusion-button-span-yes fusion-button-default-type\" style=\"--button_accent_color:#ffffff;--button_accent_hover_color:#ffffff;--button_border_hover_color:#ffffff;--button_gradient_top_color:#74bced;--button_gradient_bottom_color:#74bced;--button_gradient_top_color_hover:#0f283c;--button_gradient_bottom_color_hover:#0f283c;\" target=\"_self\" href=\"https:\/\/www.avanservicios.com\/ca\/contacte\/\"><span class=\"fusion-button-text\">M\u00e9s informaci\u00f3<\/span><i class=\"fa-arrow-right fas button-icon-right\" aria-hidden=\"true\"><\/i><\/a><\/div><div class=\"fusion-clearfix\"><\/div><\/div><\/div><\/div><div class=\"fusion-builder-row fusion-row\"><\/div><\/div><\/p>\n","protected":false},"excerpt":{"rendered":"","protected":false},"author":1,"featured_media":0,"parent":0,"menu_order":0,"comment_status":"closed","ping_status":"closed","template":"100-width.php","meta":{"footnotes":""},"yoast_head":"<!-- This site is optimized with the Yoast SEO plugin v22.1 - https:\/\/yoast.com\/wordpress\/plugins\/seo\/ -->\n<title>Pol\u00edtica de privacitat - Avan Servicios Externos<\/title>\n<meta name=\"robots\" content=\"index, follow, max-snippet:-1, max-image-preview:large, max-video-preview:-1\" \/>\n<link rel=\"canonical\" href=\"https:\/\/www.avanservicios.com\/ca\/politica-de-privacitat\/\" \/>\n<meta property=\"og:locale\" content=\"ca_ES\" \/>\n<meta property=\"og:type\" content=\"article\" \/>\n<meta property=\"og:title\" content=\"Pol\u00edtica de privacitat - Avan Servicios Externos\" \/>\n<meta property=\"og:url\" content=\"https:\/\/www.avanservicios.com\/ca\/politica-de-privacitat\/\" \/>\n<meta property=\"og:site_name\" content=\"Avan Servicios Externos\" \/>\n<meta property=\"article:modified_time\" content=\"2023-11-14T08:23:39+00:00\" \/>\n<meta name=\"twitter:card\" content=\"summary_large_image\" \/>\n<meta name=\"twitter:label1\" content=\"Temps estimat de lectura\" \/>\n\t<meta name=\"twitter:data1\" content=\"13 minuts\" \/>\n<script type=\"application\/ld+json\" class=\"yoast-schema-graph\">{\"@context\":\"https:\/\/schema.org\",\"@graph\":[{\"@type\":\"WebPage\",\"@id\":\"https:\/\/www.avanservicios.com\/ca\/politica-de-privacitat\/\",\"url\":\"https:\/\/www.avanservicios.com\/ca\/politica-de-privacitat\/\",\"name\":\"Pol\u00edtica de privacitat - Avan Servicios Externos\",\"isPartOf\":{\"@id\":\"https:\/\/www.avanservicios.com\/#website\"},\"datePublished\":\"2019-01-30T15:45:37+00:00\",\"dateModified\":\"2023-11-14T08:23:39+00:00\",\"breadcrumb\":{\"@id\":\"https:\/\/www.avanservicios.com\/ca\/politica-de-privacitat\/#breadcrumb\"},\"inLanguage\":\"ca\",\"potentialAction\":[{\"@type\":\"ReadAction\",\"target\":[\"https:\/\/www.avanservicios.com\/ca\/politica-de-privacitat\/\"]}]},{\"@type\":\"BreadcrumbList\",\"@id\":\"https:\/\/www.avanservicios.com\/ca\/politica-de-privacitat\/#breadcrumb\",\"itemListElement\":[{\"@type\":\"ListItem\",\"position\":1,\"name\":\"Portada\",\"item\":\"https:\/\/www.avanservicios.com\/ca\/\"},{\"@type\":\"ListItem\",\"position\":2,\"name\":\"Pol\u00edtica de privacitat\"}]},{\"@type\":\"WebSite\",\"@id\":\"https:\/\/www.avanservicios.com\/#website\",\"url\":\"https:\/\/www.avanservicios.com\/\",\"name\":\"Avan Servicios Externos\",\"description\":\"Descripci\u00f3n de la empresa\",\"potentialAction\":[{\"@type\":\"SearchAction\",\"target\":{\"@type\":\"EntryPoint\",\"urlTemplate\":\"https:\/\/www.avanservicios.com\/?s={search_term_string}\"},\"query-input\":\"required name=search_term_string\"}],\"inLanguage\":\"ca\"}]}<\/script>\n<!-- \/ Yoast SEO plugin. -->","yoast_head_json":{"title":"Pol\u00edtica de privacitat - Avan Servicios Externos","robots":{"index":"index","follow":"follow","max-snippet":"max-snippet:-1","max-image-preview":"max-image-preview:large","max-video-preview":"max-video-preview:-1"},"canonical":"https:\/\/www.avanservicios.com\/ca\/politica-de-privacitat\/","og_locale":"ca_ES","og_type":"article","og_title":"Pol\u00edtica de privacitat - Avan Servicios Externos","og_url":"https:\/\/www.avanservicios.com\/ca\/politica-de-privacitat\/","og_site_name":"Avan Servicios Externos","article_modified_time":"2023-11-14T08:23:39+00:00","twitter_card":"summary_large_image","twitter_misc":{"Temps estimat de lectura":"13 minuts"},"schema":{"@context":"https:\/\/schema.org","@graph":[{"@type":"WebPage","@id":"https:\/\/www.avanservicios.com\/ca\/politica-de-privacitat\/","url":"https:\/\/www.avanservicios.com\/ca\/politica-de-privacitat\/","name":"Pol\u00edtica de privacitat - Avan Servicios Externos","isPartOf":{"@id":"https:\/\/www.avanservicios.com\/#website"},"datePublished":"2019-01-30T15:45:37+00:00","dateModified":"2023-11-14T08:23:39+00:00","breadcrumb":{"@id":"https:\/\/www.avanservicios.com\/ca\/politica-de-privacitat\/#breadcrumb"},"inLanguage":"ca","potentialAction":[{"@type":"ReadAction","target":["https:\/\/www.avanservicios.com\/ca\/politica-de-privacitat\/"]}]},{"@type":"BreadcrumbList","@id":"https:\/\/www.avanservicios.com\/ca\/politica-de-privacitat\/#breadcrumb","itemListElement":[{"@type":"ListItem","position":1,"name":"Portada","item":"https:\/\/www.avanservicios.com\/ca\/"},{"@type":"ListItem","position":2,"name":"Pol\u00edtica de privacitat"}]},{"@type":"WebSite","@id":"https:\/\/www.avanservicios.com\/#website","url":"https:\/\/www.avanservicios.com\/","name":"Avan Servicios Externos","description":"Descripci\u00f3n de la empresa","potentialAction":[{"@type":"SearchAction","target":{"@type":"EntryPoint","urlTemplate":"https:\/\/www.avanservicios.com\/?s={search_term_string}"},"query-input":"required name=search_term_string"}],"inLanguage":"ca"}]}},"_links":{"self":[{"href":"https:\/\/www.avanservicios.com\/ca\/wp-json\/wp\/v2\/pages\/747"}],"collection":[{"href":"https:\/\/www.avanservicios.com\/ca\/wp-json\/wp\/v2\/pages"}],"about":[{"href":"https:\/\/www.avanservicios.com\/ca\/wp-json\/wp\/v2\/types\/page"}],"author":[{"embeddable":true,"href":"https:\/\/www.avanservicios.com\/ca\/wp-json\/wp\/v2\/users\/1"}],"replies":[{"embeddable":true,"href":"https:\/\/www.avanservicios.com\/ca\/wp-json\/wp\/v2\/comments?post=747"}],"version-history":[{"count":9,"href":"https:\/\/www.avanservicios.com\/ca\/wp-json\/wp\/v2\/pages\/747\/revisions"}],"predecessor-version":[{"id":1889,"href":"https:\/\/www.avanservicios.com\/ca\/wp-json\/wp\/v2\/pages\/747\/revisions\/1889"}],"wp:attachment":[{"href":"https:\/\/www.avanservicios.com\/ca\/wp-json\/wp\/v2\/media?parent=747"}],"curies":[{"name":"wp","href":"https:\/\/api.w.org\/{rel}","templated":true}]}}