{"id":744,"date":"2019-01-30T15:45:01","date_gmt":"2019-01-30T15:45:01","guid":{"rendered":"https:\/\/www.avanservicios.com\/?page_id=744"},"modified":"2023-11-13T11:08:21","modified_gmt":"2023-11-13T11:08:21","slug":"politica-de-cookies","status":"publish","type":"page","link":"https:\/\/www.avanservicios.com\/ca\/politica-de-cookies\/","title":{"rendered":"Pol\u00edtica de cookies"},"content":{"rendered":"<p><div class=\"fusion-fullwidth fullwidth-box fusion-builder-row-1 nonhundred-percent-fullwidth non-hundred-percent-height-scrolling fusion-equal-height-columns\" style=\"--awb-border-radius-top-left:0px;--awb-border-radius-top-right:0px;--awb-border-radius-bottom-right:0px;--awb-border-radius-bottom-left:0px;--awb-padding-top:50px;--awb-padding-bottom:20px;--awb-flex-wrap:wrap;\" ><div class=\"fusion-builder-row fusion-row\"><div class=\"fusion-layout-column fusion_builder_column fusion-builder-column-0 fusion_builder_column_1_1 1_1 fusion-one-full fusion-column-first fusion-column-last fusion-animated\" style=\"--awb-bg-size:cover;\" data-animationType=\"fadeIn\" data-animationDuration=\"1.0\" data-animationOffset=\"top-into-view\"><div class=\"fusion-column-wrapper fusion-flex-column-wrapper-legacy\"><div class=\"fusion-title title fusion-title-1 fusion-sep-none fusion-title-center fusion-title-text fusion-title-size-one\" style=\"--awb-text-color:#0f283c;--awb-margin-bottom:0px;--awb-font-size:50px;\"><h1 class=\"fusion-title-heading title-heading-center\" style=\"margin:0;font-size:1em;\">Pol\u00edtica de galetes<\/h1><\/div><div class=\"fusion-clearfix\"><\/div><\/div><\/div><\/div><\/div><div class=\"fusion-fullwidth fullwidth-box fusion-builder-row-2 nonhundred-percent-fullwidth non-hundred-percent-height-scrolling fusion-equal-height-columns\" style=\"--awb-border-radius-top-left:0px;--awb-border-radius-top-right:0px;--awb-border-radius-bottom-right:0px;--awb-border-radius-bottom-left:0px;--awb-padding-top:20px;--awb-padding-bottom:50px;--awb-margin-bottom:0px;--awb-flex-wrap:wrap;\" ><div class=\"fusion-builder-row fusion-row\"><div class=\"fusion-layout-column fusion_builder_column fusion-builder-column-1 fusion_builder_column_1_1 1_1 fusion-one-full fusion-column-first fusion-column-last fusion-animated\" style=\"--awb-bg-size:cover;--awb-margin-bottom:0px;\" data-animationType=\"fadeIn\" data-animationDuration=\"1.0\" data-animationOffset=\"top-into-view\"><div class=\"fusion-column-wrapper fusion-flex-column-wrapper-legacy\"><div class=\"fusion-column-content-centered\"><div class=\"fusion-column-content\"><div class=\"fusion-title title fusion-title-2 fusion-sep-none fusion-title-text fusion-title-size-two\" style=\"--awb-text-color:#74bced;\"><h2 class=\"fusion-title-heading title-heading-left\" style=\"margin:0;\">Pol\u00edtica de galetes<\/h2><\/div><div class=\"fusion-text fusion-text-1\"><p><strong>*AVAN ha desenvolupat aquesta pol\u00edtica per a informar-lo de qu\u00e8 \u00e9s una Galeta, quins usem en aquesta web i ajudar-lo a poder gestionar-les segons sigui del seu inter\u00e8s.<\/strong><\/p>\n<p>Amb la seva visita a la nostra web est\u00e0 sent informat de l&#8217;exist\u00e8ncia de Galetes i de la present pol\u00edtica de Galetes. Amb l&#8217;acceptaci\u00f3 de la pol\u00edtica de Galetes, est\u00e0 consentint la instal\u00b7laci\u00f3 de les Galetes informades (tret que hagi modificat la configuraci\u00f3 del seu navegador per a rebutjar Galetes).<\/p>\n<p>Una \u201cGaleta\u201d \u00e9s un petit arxiu de text que un lloc web emmagatzema en el navegador de l&#8217;usuari. Les Galetes faciliten l&#8217;\u00fas i la navegaci\u00f3 per una p\u00e0gina web i s\u00f3n essencials per al funcionament d&#8217;internet, aportant innombrables avantatges en la prestaci\u00f3 de serveis interactius.<\/p>\n<p>Les Galetes s&#8217;utilitzen per exemple per a gestionar la sessi\u00f3 de l&#8217;usuari (reduint el nombre de vegades que ha d&#8217;incloure la seva contrasenya) o per a adequar els continguts d&#8217;una p\u00e0gina web a les seves prefer\u00e8ncies. Les Galetes poden ser de \u201csessi\u00f3\u201d, pel que s&#8217;esborraran una vegada l&#8217;usuari abandoni la p\u00e0gina web que les va generar, o \u201cpersistents\u201d, que romanen en el seu ordinador fins a una data determinada.<\/p>\n<p>Aquest document de \u201c\u00das de Galetes\u201d ha estat elaborat a partir d&#8217;una auditoria t\u00e8cnica externa estant, per tant, subjecte a actualitzacions peri\u00f2diques. El seu prop\u00f2sit \u00e9s ajudar-lo a comprendre l&#8217;\u00fas que la present p\u00e0gina web fa de les Galetes, la finalitat de les Galetes utilitzades, aix\u00ed com de les opcions que l&#8217;usuari t\u00e9 a la seva disposici\u00f3 per a gestionar-les.<\/p>\n<p>L&#8217;acceptaci\u00f3 d&#8217;aquesta pol\u00edtica de Galetes i amb la funcionalitat del seu navegador habilitada per a acceptar les mateixes, implica l&#8217;acceptaci\u00f3 per part de l&#8217;usuari de la tecnologia Galeta utilitzada per aquest website.<\/p>\n<p><strong>Exemples de Tipus de Galetes:<\/strong><\/p>\n<p><strong>Galetes t\u00e8cniques o d\u2019us intern<\/strong><\/p>\n<p>S\u00f3n Galetes t\u00e8cniques o d&#8217;\u00fas intern, les imprescindibles per al funcionament d&#8217;una web, com, per exemple, aquelles que permeten l&#8217;autenticaci\u00f3 o el manteniment de la sessi\u00f3 de l&#8217;usuari registrat quan navega per la p\u00e0gina. La desactivaci\u00f3 d&#8217;aquestes Galetes impedeix el funcionament correcte d&#8217;algunes de les funcionalitats de la web.<\/p>\n<p><strong>Galetes Anal\u00edtiques<\/strong><\/p>\n<p>S\u00f3n Galetes anal\u00edtiques, aquelles que serveixen per a recaptar estad\u00edstiques sobre l&#8217;activitat de l&#8217;usuari en la web i l&#8217;activitat general d&#8217;aquesta. La informaci\u00f3 recopilada \u00e9s an\u00f2nima i permet optimitzar la navegaci\u00f3 d&#8217;una p\u00e0gina web i garantir el millor servei a l&#8217;usuari. L&#8217;usuari pot excloure la seva activitat mitjan\u00e7ant els sistemes d&#8217;exclusi\u00f3 facilitats per les eines anal\u00edtiques.<\/p>\n<p><strong>Galetes de tercers per a la gesti\u00f3 d&#8217;espais publicitaris<\/strong><\/p>\n<p>S\u00f3n Galetes emmagatzemades per terceres parts que gestionen els espais publicitaris que els usuaris visualitzen en accedir a aquesta web. Aquestes Galetes permeten mesurar l&#8217;efectivitat de campanyes en l\u00ednia, proporcionar a l&#8217;usuari informaci\u00f3 del seu inter\u00e8s i oferir-li continguts publicitaris de la seva prefer\u00e8ncia. De conformitat amb les seves pr\u00f2pies pol\u00edtiques, alguns gestors de publicitat poden utilitzar les Galetes an\u00f2nimes per a mostrar anuncis del seu inter\u00e8s quan visiti altres p\u00e0gines web. No obstant aix\u00f2, els usuaris poden gestionar l&#8217;acceptaci\u00f3 o no d&#8217;aquestes Galetes mitjan\u00e7ant la configuraci\u00f3 del seu navegador.<\/p>\n<p><strong>Garanties i opcions sobre les Galetes<\/strong><\/p>\n<p>Per mitj\u00e0 de la configuraci\u00f3 del seu navegador, l&#8217;usuari t\u00e9 la possibilitat d&#8217;acceptar o rebutjar la instal\u00b7laci\u00f3 de Galetes, o b\u00e9 rebutjar la instal\u00b7laci\u00f3 d&#8217;un determinat tipus de Galetes, com les Galetes de publicitat i de tercers. A m\u00e9s, despr\u00e9s de cada sessi\u00f3 pot eliminar totes o algunes de les Galetes emmagatzemades.<\/p>\n<p>Aix\u00ed mateix, l&#8217;usuari pot activar:<\/p>\n<p>&#8211; La navegaci\u00f3 privada, mitjan\u00e7ant la qual el seu navegador deixa de guardar l&#8217;historial de navegaci\u00f3, contrasenyes de llocs web, Galetes i una altra informaci\u00f3 de les p\u00e0gines que visita, o<\/p>\n<p>&#8211; la funci\u00f3 de no rastrejar, per la qual el navegador demana als llocs web que visita que no rastregin els seus h\u00e0bits de navegaci\u00f3 per a, per exemple, servir-li publicitat del seu inter\u00e8s en els llocs que visita.<\/p>\n<p>Li recomanem que consulti l&#8217;ajuda del seu navegador per a informar-se de les diferents opcions sobre com gestionar les Galetes. Tingui en compte que el bloqueig de Galetes pot afectar a totes o algunes de les funcionalitats de la nostra web. Fins i tot, pot oc\u00f3rrer que al NO ACCEPTAR les Galetes t\u00e8cniques\/internes, no pugui accedir al nostre website.<\/p>\n<p><strong>Galetes utilitzades a aquesta Web:<\/strong><\/p>\n<p><strong>\u00a0<\/strong><\/p>\n<table>\n<thead>\n<tr>\n<td><strong>Nombre de la galeta<br \/>\n<\/strong><\/td>\n<td><strong>Tipus de galeta<\/strong><\/td>\n<td><strong>Temps de caducitat<\/strong><\/td>\n<td><strong>Descripci\u00f3<\/strong><\/td>\n<\/tr>\n<\/thead>\n<tbody>\n<tr>\n<td>_ga<\/td>\n<td>Galeta anal\u00edtica (de tercers)<\/td>\n<td>2 anys des de l\u2019\u00faltima actualizaci\u00f3<\/td>\n<td>Galeta de Google Analytics que habilita la funci\u00f3 de control de visites \u00faniques. La primera vegada que un usuari entre en el lloc web a trav\u00e9s d&#8217;un navegador s&#8217;instal\u00b7lar\u00e0 aquesta Galeta. Quan aquest usuari torni a entrar en la web amb el mateix navegador, la Galeta considerar\u00e0 que \u00e9s el mateix usuari. Nom\u00e9s en el cas que l&#8217;usuari canvi\u00ef de navegador, es considerar\u00e0 un altre usuari.<\/td>\n<\/tr>\n<tr>\n<td>_gid<\/td>\n<td>Galeta anal\u00edtica (de tercers)<\/td>\n<td>24h des de l\u2019\u00faltima actualitzaci\u00f3<\/td>\n<td>Aquesta Galeta s&#8217;associa amb Google Analytics. S&#8217;utilitza per a distingir als usuaris<\/td>\n<\/tr>\n<tr>\n<td>_gat<\/td>\n<td>Galeta anal\u00edtica (de tercers)<\/td>\n<td>10 minuts des de creaci\u00f3 o modificaci\u00f3<\/td>\n<td>Aquesta Galeta s&#8217;associa amb Google Analytics. S&#8217;utilitza per a limitar la velocitat de petici\u00f3 &#8211; la limitaci\u00f3 de la recollida de dades en els llocs d&#8217;alt tr\u00e0nsit.<\/td>\n<\/tr>\n<tr>\n<td>wpml_referer_url<\/td>\n<td>Galeta anal\u00edtica (de tercers)<\/td>\n<td>1 dia<\/td>\n<td>Emmagatzema l&#8217;\u00faltima p\u00e0gina visitada, per a poder fer el canvi d&#8217;idioma a la mateixa secci\u00f3<\/td>\n<\/tr>\n<tr>\n<td>-icl-current-lenguage<\/td>\n<td>Galeta T\u00e8cnica (Interna)<\/td>\n<td>Al acabar la sessi\u00f3<\/td>\n<td>Permet con\u00e8ixer l&#8217;idioma que utilitza l&#8217;usuari.<\/td>\n<\/tr>\n<tr>\n<td>AdSense<\/td>\n<td>Galeta de tercers<\/td>\n<td>Indeterminat<\/td>\n<td>Estad\u00edstiques de publicitat. Google *AdSense<\/td>\n<\/tr>\n<tr>\n<td>AID<\/td>\n<td>Galeta de tercers<\/td>\n<td>3 mesos des de l\u2019\u00faltima actualitzaci\u00f3<\/td>\n<td>Galeta dels serveis de publicitat de Google<\/td>\n<\/tr>\n<\/tbody>\n<\/table>\n<p><strong>Xarxes Socials:<\/strong><\/p>\n<p>Galetes de complements externs de continguts i Galetes usades per xarxes socials:<\/p>\n<p>En altres llocs que no pertanyen a AVAN s&#8217;instal\u00b7len Galetes de tercers a tots els seus visitants, encara que no siguin usuaris registrats en les corresponents plataformes:<\/p>\n<ul>\n<li><strong>AVAN en Twitter. Les seves finalitats estan descrites en la P\u00e0gina de Galetes de Twitter<\/strong>: <a href=\"https:\/\/support.twitter.com\/articles\/20170521-el-uso-que-hace-twitter-de-cookies-y-tecnologias-similares\">https:\/\/support.twitter.com\/articles\/20170521-el-uso-que-hace-twitter-de-Galetes-y-tecnologias-similares<\/a><\/li>\n<li><strong>AVAN en Twitter. Les seves finalitats estan descrites en la P\u00e0gina de Galetes de <\/strong><strong>Facebook<\/strong>: <a href=\"https:\/\/es-es.facebook.com\/help\/cookies\/\">https:\/\/es-es.facebook.com\/help\/Galetes\/<\/a><\/li>\n<li><strong>AVAN en Twitter. Les seves finalitats estan descrites en la P\u00e0gina de Galetes de <\/strong><strong>LinkedIn<\/strong>: <a href=\"https:\/\/www.linkedin.com\/legal\/cookie-policy?trk=organization-guest_footer-cookie-policy\">https:\/\/www.linkedin.com\/legal\/Galeta-policy?trk=organization-guest_footer-Galeta-policy<\/a><\/li>\n<li><strong>AVAN en Twitter. Les seves finalitats estan descrites en la P\u00e0gina de Galetes de <\/strong><strong>YouTube<\/strong>: <a href=\"https:\/\/www.google.es\/intl\/es\/policies\/privacy\/key-terms\/#toc-terms-cookie\">https:\/\/www.google.es\/intl\/es\/policies\/privacy\/key-terms\/#toc-terms-Galeta<\/a><\/li>\n<li><strong>AVAN en Twitter. Les seves finalitats estan descrites en la P\u00e0gina de Galetes d\u2019<\/strong><strong>Instagram: <\/strong><a href=\"https:\/\/help.instagram.com\/1896641480634370?ref=ig\">https:\/\/help.instagram.com\/1896641480634370?ref=ig<\/a><\/li>\n<\/ul>\n<p><strong>Aquesta informaci\u00f3 la utilitzem per a millorar la nostra p\u00e0gina, detectar noves necessitats i valorar les millores a introduir amb la finalitat de prestar un millor servei als usuaris que ens visiten.<\/strong><\/p>\n<p><strong>Per a permetre, con\u00e8ixer, bloquejar o eliminar les Galetes instal\u00b7lades en el teu equip pots fer-ho mitjan\u00e7ant la configuraci\u00f3 de les opcions del navegador instal\u00b7lat en el seu ordinador.<\/strong><\/p>\n<p>Per exemple, pots trobar informaci\u00f3 sobre com fer-ho en el cas que usis algun d&#8217;aquests navegadors:<\/p>\n<p>Firefox des d\u2019aqu\u00ed:<\/p>\n<p><a href=\"http:\/\/support.mozilla.org\/es\/kb\/habilitar-y-deshabilitar-cookies-que-los-sitios-we\">http:\/\/support.mozilla.org\/es\/kb\/habilitar-y-deshabilitar-Galetes-que-los-sitios-we<\/a><\/p>\n<p>Chrome des d\u2019aqu\u00ed:<\/p>\n<p><a href=\"http:\/\/support.google.com\/chrome\/bin\/answer.py?hl=es&amp;answer=95647\">http:\/\/support.google.com\/chrome\/bin\/answer.py?hl=es&amp;answer=95647<\/a><\/p>\n<p>Explorer des d\u2019aqu\u00ed:<\/p>\n<p><a href=\"https:\/\/support.microsoft.com\/es-es\/help\/17442\/windows-internet-explorer-delete-manage-cookies\">https:\/\/support.microsoft.com\/es-es\/help\/17442\/windows-internet-explorer-delete-manage-Galetes<\/a><\/p>\n<p>Safari des d\u2019aqu\u00ed:<\/p>\n<p><a href=\"http:\/\/support.apple.com\/kb\/ph5042\">http:\/\/support.apple.com\/kb\/ph5042<\/a><\/p>\n<p>Opera des d\u2019aqu\u00ed:<\/p>\n<p><a href=\"http:\/\/help.opera.com\/Windows\/11.50\/es-ES\/cookies.html\">http:\/\/help.opera.com\/Windows\/11.50\/es-ES\/Galetes.html<\/a><\/p>\n<p><u>\u00a0<\/u><\/p>\n<\/div><\/div><\/div><div class=\"fusion-clearfix\"><\/div><\/div><\/div><\/div><\/div><div class=\"fusion-fullwidth fullwidth-box fusion-builder-row-3 hundred-percent-fullwidth non-hundred-percent-height-scrolling\" style=\"--awb-border-radius-top-left:0px;--awb-border-radius-top-right:0px;--awb-border-radius-bottom-right:0px;--awb-border-radius-bottom-left:0px;--awb-padding-top:0px;--awb-padding-right:0px;--awb-padding-bottom:0px;--awb-padding-left:0px;--awb-margin-top:0px;--awb-margin-bottom:0px;--awb-flex-wrap:wrap;\" ><div class=\"fusion-builder-row fusion-row\"><div class=\"fusion-layout-column fusion_builder_column fusion-builder-column-2 fusion_builder_column_1_1 1_1 fusion-one-full fusion-column-first fusion-column-last\" style=\"--awb-bg-size:cover;--awb-margin-bottom:0px;\"><div class=\"fusion-column-wrapper fusion-flex-column-wrapper-legacy\"><div class=\"fusion-align-block\"><a class=\"fusion-button button-flat button-xlarge button-custom fusion-button-default button-1 fusion-button-span-yes fusion-button-default-type\" style=\"--button_accent_color:#ffffff;--button_accent_hover_color:#ffffff;--button_border_hover_color:#ffffff;--button_gradient_top_color:#74bced;--button_gradient_bottom_color:#74bced;--button_gradient_top_color_hover:#0f283c;--button_gradient_bottom_color_hover:#0f283c;\" target=\"_self\" href=\"https:\/\/www.avanservicios.com\/ca\/contacte\/\"><span class=\"fusion-button-text\">M\u00e9s informaci\u00f3<\/span><i class=\"fa-arrow-right fas button-icon-right\" aria-hidden=\"true\"><\/i><\/a><\/div><div class=\"fusion-clearfix\"><\/div><\/div><\/div><\/div><div class=\"fusion-builder-row fusion-row\"><\/div><\/div><\/p>\n","protected":false},"excerpt":{"rendered":"","protected":false},"author":1,"featured_media":0,"parent":0,"menu_order":0,"comment_status":"closed","ping_status":"closed","template":"100-width.php","meta":{"footnotes":""},"yoast_head":"<!-- This site is optimized with the Yoast SEO plugin v22.1 - https:\/\/yoast.com\/wordpress\/plugins\/seo\/ -->\n<title>Pol\u00edtica de cookies - Avan Servicios Externos<\/title>\n<meta name=\"robots\" content=\"index, follow, max-snippet:-1, max-image-preview:large, max-video-preview:-1\" \/>\n<link rel=\"canonical\" href=\"https:\/\/www.avanservicios.com\/ca\/politica-de-cookies\/\" \/>\n<meta property=\"og:locale\" content=\"ca_ES\" \/>\n<meta property=\"og:type\" content=\"article\" \/>\n<meta property=\"og:title\" content=\"Pol\u00edtica de cookies - Avan Servicios Externos\" \/>\n<meta property=\"og:url\" content=\"https:\/\/www.avanservicios.com\/ca\/politica-de-cookies\/\" \/>\n<meta property=\"og:site_name\" content=\"Avan Servicios Externos\" \/>\n<meta property=\"article:modified_time\" content=\"2023-11-13T11:08:21+00:00\" \/>\n<meta name=\"twitter:card\" content=\"summary_large_image\" \/>\n<meta name=\"twitter:label1\" content=\"Temps estimat de lectura\" \/>\n\t<meta name=\"twitter:data1\" content=\"10 minuts\" \/>\n<script type=\"application\/ld+json\" class=\"yoast-schema-graph\">{\"@context\":\"https:\/\/schema.org\",\"@graph\":[{\"@type\":\"WebPage\",\"@id\":\"https:\/\/www.avanservicios.com\/ca\/politica-de-cookies\/\",\"url\":\"https:\/\/www.avanservicios.com\/ca\/politica-de-cookies\/\",\"name\":\"Pol\u00edtica de cookies - Avan Servicios Externos\",\"isPartOf\":{\"@id\":\"https:\/\/www.avanservicios.com\/#website\"},\"datePublished\":\"2019-01-30T15:45:01+00:00\",\"dateModified\":\"2023-11-13T11:08:21+00:00\",\"breadcrumb\":{\"@id\":\"https:\/\/www.avanservicios.com\/ca\/politica-de-cookies\/#breadcrumb\"},\"inLanguage\":\"ca\",\"potentialAction\":[{\"@type\":\"ReadAction\",\"target\":[\"https:\/\/www.avanservicios.com\/ca\/politica-de-cookies\/\"]}]},{\"@type\":\"BreadcrumbList\",\"@id\":\"https:\/\/www.avanservicios.com\/ca\/politica-de-cookies\/#breadcrumb\",\"itemListElement\":[{\"@type\":\"ListItem\",\"position\":1,\"name\":\"Portada\",\"item\":\"https:\/\/www.avanservicios.com\/ca\/\"},{\"@type\":\"ListItem\",\"position\":2,\"name\":\"Pol\u00edtica de cookies\"}]},{\"@type\":\"WebSite\",\"@id\":\"https:\/\/www.avanservicios.com\/#website\",\"url\":\"https:\/\/www.avanservicios.com\/\",\"name\":\"Avan Servicios Externos\",\"description\":\"Descripci\u00f3n de la empresa\",\"potentialAction\":[{\"@type\":\"SearchAction\",\"target\":{\"@type\":\"EntryPoint\",\"urlTemplate\":\"https:\/\/www.avanservicios.com\/?s={search_term_string}\"},\"query-input\":\"required name=search_term_string\"}],\"inLanguage\":\"ca\"}]}<\/script>\n<!-- \/ Yoast SEO plugin. -->","yoast_head_json":{"title":"Pol\u00edtica de cookies - Avan Servicios Externos","robots":{"index":"index","follow":"follow","max-snippet":"max-snippet:-1","max-image-preview":"max-image-preview:large","max-video-preview":"max-video-preview:-1"},"canonical":"https:\/\/www.avanservicios.com\/ca\/politica-de-cookies\/","og_locale":"ca_ES","og_type":"article","og_title":"Pol\u00edtica de cookies - Avan Servicios Externos","og_url":"https:\/\/www.avanservicios.com\/ca\/politica-de-cookies\/","og_site_name":"Avan Servicios Externos","article_modified_time":"2023-11-13T11:08:21+00:00","twitter_card":"summary_large_image","twitter_misc":{"Temps estimat de lectura":"10 minuts"},"schema":{"@context":"https:\/\/schema.org","@graph":[{"@type":"WebPage","@id":"https:\/\/www.avanservicios.com\/ca\/politica-de-cookies\/","url":"https:\/\/www.avanservicios.com\/ca\/politica-de-cookies\/","name":"Pol\u00edtica de cookies - Avan Servicios Externos","isPartOf":{"@id":"https:\/\/www.avanservicios.com\/#website"},"datePublished":"2019-01-30T15:45:01+00:00","dateModified":"2023-11-13T11:08:21+00:00","breadcrumb":{"@id":"https:\/\/www.avanservicios.com\/ca\/politica-de-cookies\/#breadcrumb"},"inLanguage":"ca","potentialAction":[{"@type":"ReadAction","target":["https:\/\/www.avanservicios.com\/ca\/politica-de-cookies\/"]}]},{"@type":"BreadcrumbList","@id":"https:\/\/www.avanservicios.com\/ca\/politica-de-cookies\/#breadcrumb","itemListElement":[{"@type":"ListItem","position":1,"name":"Portada","item":"https:\/\/www.avanservicios.com\/ca\/"},{"@type":"ListItem","position":2,"name":"Pol\u00edtica de cookies"}]},{"@type":"WebSite","@id":"https:\/\/www.avanservicios.com\/#website","url":"https:\/\/www.avanservicios.com\/","name":"Avan Servicios Externos","description":"Descripci\u00f3n de la empresa","potentialAction":[{"@type":"SearchAction","target":{"@type":"EntryPoint","urlTemplate":"https:\/\/www.avanservicios.com\/?s={search_term_string}"},"query-input":"required name=search_term_string"}],"inLanguage":"ca"}]}},"_links":{"self":[{"href":"https:\/\/www.avanservicios.com\/ca\/wp-json\/wp\/v2\/pages\/744"}],"collection":[{"href":"https:\/\/www.avanservicios.com\/ca\/wp-json\/wp\/v2\/pages"}],"about":[{"href":"https:\/\/www.avanservicios.com\/ca\/wp-json\/wp\/v2\/types\/page"}],"author":[{"embeddable":true,"href":"https:\/\/www.avanservicios.com\/ca\/wp-json\/wp\/v2\/users\/1"}],"replies":[{"embeddable":true,"href":"https:\/\/www.avanservicios.com\/ca\/wp-json\/wp\/v2\/comments?post=744"}],"version-history":[{"count":7,"href":"https:\/\/www.avanservicios.com\/ca\/wp-json\/wp\/v2\/pages\/744\/revisions"}],"predecessor-version":[{"id":1884,"href":"https:\/\/www.avanservicios.com\/ca\/wp-json\/wp\/v2\/pages\/744\/revisions\/1884"}],"wp:attachment":[{"href":"https:\/\/www.avanservicios.com\/ca\/wp-json\/wp\/v2\/media?parent=744"}],"curies":[{"name":"wp","href":"https:\/\/api.w.org\/{rel}","templated":true}]}}