{"id":706,"date":"2019-01-30T15:07:27","date_gmt":"2019-01-30T15:07:27","guid":{"rendered":"https:\/\/www.avanservicios.com\/?page_id=706"},"modified":"2023-11-13T11:01:38","modified_gmt":"2023-11-13T11:01:38","slug":"avis-legal","status":"publish","type":"page","link":"https:\/\/www.avanservicios.com\/ca\/avis-legal\/","title":{"rendered":"Av\u00eds legal"},"content":{"rendered":"<p><div class=\"fusion-fullwidth fullwidth-box fusion-builder-row-1 nonhundred-percent-fullwidth non-hundred-percent-height-scrolling fusion-equal-height-columns\" style=\"--awb-border-radius-top-left:0px;--awb-border-radius-top-right:0px;--awb-border-radius-bottom-right:0px;--awb-border-radius-bottom-left:0px;--awb-padding-top:50px;--awb-padding-bottom:20px;--awb-flex-wrap:wrap;\" ><div class=\"fusion-builder-row fusion-row\"><div class=\"fusion-layout-column fusion_builder_column fusion-builder-column-0 fusion_builder_column_1_1 1_1 fusion-one-full fusion-column-first fusion-column-last fusion-animated\" style=\"--awb-bg-size:cover;\" data-animationType=\"fadeIn\" data-animationDuration=\"1.0\" data-animationOffset=\"top-into-view\"><div class=\"fusion-column-wrapper fusion-flex-column-wrapper-legacy\"><div class=\"fusion-title title fusion-title-1 fusion-sep-none fusion-title-center fusion-title-text fusion-title-size-one\" style=\"--awb-text-color:#0f283c;--awb-margin-bottom:0px;--awb-font-size:50px;\"><h1 class=\"fusion-title-heading title-heading-center\" style=\"margin:0;font-size:1em;\">Av\u00eds legal<\/h1><\/div><div class=\"fusion-clearfix\"><\/div><\/div><\/div><\/div><\/div><div class=\"fusion-fullwidth fullwidth-box fusion-builder-row-2 nonhundred-percent-fullwidth non-hundred-percent-height-scrolling fusion-equal-height-columns\" style=\"--awb-border-radius-top-left:0px;--awb-border-radius-top-right:0px;--awb-border-radius-bottom-right:0px;--awb-border-radius-bottom-left:0px;--awb-padding-top:20px;--awb-padding-bottom:50px;--awb-margin-bottom:0px;--awb-flex-wrap:wrap;\" ><div class=\"fusion-builder-row fusion-row\"><div class=\"fusion-layout-column fusion_builder_column fusion-builder-column-1 fusion_builder_column_1_1 1_1 fusion-one-full fusion-column-first fusion-column-last fusion-animated\" style=\"--awb-bg-size:cover;--awb-margin-bottom:0px;\" data-animationType=\"fadeIn\" data-animationDuration=\"1.0\" data-animationOffset=\"top-into-view\"><div class=\"fusion-column-wrapper fusion-flex-column-wrapper-legacy\"><div class=\"fusion-column-content-centered\"><div class=\"fusion-column-content\"><div class=\"fusion-title title fusion-title-2 fusion-sep-none fusion-title-text fusion-title-size-two\" style=\"--awb-text-color:#74bced;\"><h2 class=\"fusion-title-heading title-heading-left\" style=\"margin:0;\">Av\u00eds legal<\/h2><\/div><div class=\"fusion-text fusion-text-1\"><ol>\n<li><strong> IDENTIFICACI\u00d3 WEBSITE<\/strong><\/li>\n<\/ol>\n<p>En compliment del que es disposa en l&#8217;article 10 de la Llei 34\/2002, d&#8217;11 de juliol, de Serveis de la Societat de la Informaci\u00f3 i Comer\u00e7 Electr\u00f2nic (*LSSICE), posem a la seva disposici\u00f3 la \u201cinformaci\u00f3 general\u201d, que compr\u00e8n les dades identificatives de l&#8217;entitat titular d&#8217;aquest WEBSITE:<\/p>\n<p>Denominaci\u00f3 Social: AVAN SERVICIOS EXTERNOS S.L.<\/p>\n<p>Nom Comercial <strong>AVAN<\/strong><\/p>\n<p>Domicili de Contacte: Carrer Laure\u00e0 Mir\u00f3, 313 baixos, 08980, Sant Feliu de Llobregat (Barcelona)<\/p>\n<p>Domicili Social: <strong>Carrer Laure\u00e0 Mir\u00f3, 313 baixos, 08980, Sant Feliu de Llobregat (Barcelona)<\/strong><\/p>\n<p>CIF:<strong> B63916662<\/strong><\/p>\n<p>Tel\u00e8fon: <strong>931 124 350<\/strong><\/p>\n<p>E-mail: <strong>\u00a0<\/strong><a href=\"mailto:correo@avanservicios.com\">correo@avanservicios.com<\/a><\/p>\n<p>Nombre de dominio<strong>:\u00a0 <\/strong><a href=\"http:\/\/www.avanservicios.com\/\">www.avanservicios.com<\/a><\/p>\n<p>Inscrita: Registre Mercantil de Barcelona tom 37854 foli 67, fulla n\u00famero B-315513<\/p>\n<p><strong>CONDICIONS D\u2019US DEL WEBSITE<\/strong><\/p>\n<ol start=\"2\">\n<li><strong> ATRIBUCI\u00d3 CONDICI\u00d3 D\u2019USUARI DEL WEBSITE<\/strong><\/li>\n<\/ol>\n<p>La utilitzaci\u00f3 de www.avanservicios.com (d&#8217;ara endavant, el \u201cWEBSITE\u201d) atribueix la condici\u00f3 d&#8217;usuari del website i implica l&#8217;acceptaci\u00f3 plena i sense reserves de totes i cadascuna de les disposicions incloses en aquest Av\u00eds Legal en la versi\u00f3 publicada per AVAN en el moment mateix en qu\u00e8 l&#8217;usuari accedeixi al WEBSITE. En conseq\u00fc\u00e8ncia, l&#8217;usuari ha de llegir atentament les presents condicions en cadascuna de les ocasions en qu\u00e8 es proposi utilitzar el WEBSITE, ja que poden sofrir modificacions.<\/p>\n<p>AVAN es reserva el dret de modificar les condicions d&#8217;\u00fas del WEBSITE, i \u00e9s obligaci\u00f3 de l&#8217;Usuari revisar peri\u00f2dicament les presents condicions.<\/p>\n<ol start=\"3\">\n<li><strong> OBJECTE<\/strong><\/li>\n<\/ol>\n<p>Les presents condicions d&#8217;\u00fas pretenen regular l&#8217;acc\u00e9s dels usuaris i la navegaci\u00f3 posterior pel WEBSITE. Aix\u00ed mateix, aquestes condicions regulen la relaci\u00f3 entre els usuaris i <strong>AVAN<\/strong> quan els primers usin el WEBSITE ofert per <strong>AVAN<\/strong> amb qualsevol tipus de finalitat.<\/p>\n<ol start=\"4\">\n<li><strong> OBLIGACIONS DELS USUARIS<\/strong><\/li>\n<\/ol>\n<p><strong>Acc\u00e9s i utilizaci\u00f3 del WEBSITE:<\/strong><\/p>\n<p>La visita i la consulta d&#8217;informaci\u00f3 del WEBSITE, t\u00e9 car\u00e0cter gratu\u00eft per a tots els Usuaris.<\/p>\n<p><strong>Obligaci\u00f3 de fer un us correcte dels Continguts:<\/strong><\/p>\n<p>L&#8217;Usuari es compromet a utilitzar els continguts posats a la disposici\u00f3 dels Usuaris en el WEBSITE i, entenent per aquests, sense que aquesta enumeraci\u00f3 tingui car\u00e0cter limitatiu, els textos, fotografies, gr\u00e0fics, imatges, icones, tecnologia, programari, links i altres continguts audiovisuals o sonors, aix\u00ed com el seu disseny gr\u00e0fic i codis font (d&#8217;ara endavant, els &#8220;Continguts&#8221;), de conformitat amb la llei, el present Av\u00eds Legal (condicions d&#8217;\u00fas) i altres avisos, reglaments d&#8217;\u00fas i instruccions posats en el seu coneixement, aix\u00ed com amb la moral i els bons costums generalment acceptades i l&#8217;ordre p\u00fablic.<\/p>\n<ol start=\"5\">\n<li><strong> PROPIETAT INTEL\u00b7LECTUAL<\/strong><\/li>\n<\/ol>\n<p>AVAN \u00e9s titular dels drets de propietat intel\u00b7lectual i industrial, o ha obtingut les autoritzacions o llic\u00e8ncies corresponents per a la seva explotaci\u00f3, sobre el nom de domini, les marques i signes distintius, la informaci\u00f3 i la resta de les obres i invencions relacionades amb el WEBSITE i la tecnologia associada a aquest, aix\u00ed com sobre els seus continguts.<\/p>\n<p>Els continguts d&#8217;aquest WEBSITE, incloent-hi dissenys, aplicacions, text, imatges i codi font, estan protegits per drets de propietat intel\u00b7lectual i industrial.<\/p>\n<p>De cap manera el contingut es podr\u00e0 utilitzar, reproduir, copiar o transmetre en cap forma sense el perm\u00eds previ, escrit i expl\u00edcit d\u2019<strong>AVAN.<\/strong><\/p>\n<p>L&#8217;Usuari haur\u00e0 d&#8217;abstenir-se d&#8217;aportar continguts que hagin estat obtinguts de manera il\u00b7l\u00edcita o protegits per drets de propietat intel\u00b7lectual (copyright) sense l&#8217;autoritzaci\u00f3 expressa dels autors originals o els propietaris dels citats drets. En tot cas, respondr\u00e0 l&#8217;usuari i no AVAN de les possibles reclamacions econ\u00f2miques o de qualsevol tipus que poguessin dirigir-se a AVAN per aquests fets en reclamaci\u00f3 dels citats drets de propietat intel\u00b7lectual.<\/p>\n<p>En el cas en el qual un Usuari o un tercer consideri que existeixen fets o circumst\u00e0ncies que revelin el car\u00e0cter indegut de la utilitzaci\u00f3 de qualsevol contingut i\/o de la realitzaci\u00f3 de qualsevol activitat en les p\u00e0gines web incloses o accessibles a trav\u00e9s del WEBSITE i, en particular, de la violaci\u00f3 de drets de propietat intel\u00b7lectual o industrial (patents, models i dibuixos industrials, marques i noms comercials, etc.), l&#8217;incompliment dels deures i obligacions previstes en aquestes condicions o la vulneraci\u00f3 d&#8217;altres drets, haur\u00e0 d&#8217;enviar un email a correo@avanservicios.com informant a AVAN i en el qual es continguin els seg\u00fcents extrems:<\/p>\n<p>(a) Dades personals del reclamant: nom, adre\u00e7a, n\u00famero de tel\u00e8fon i adre\u00e7a de correu electr\u00f2nic;<\/p>\n<p>(b) Especificaci\u00f3 de la suposada activitat il\u00b7l\u00edcita duta a terme en el WEBSITE i, en particular, quan es tracti d&#8217;una suposada violaci\u00f3 de drets, indicaci\u00f3 precisa i concreta dels continguts protegits, aix\u00ed com de la seva localitzaci\u00f3 en les p\u00e0gines web;<\/p>\n<p>(c) Fets o circumst\u00e0ncies que revelen el car\u00e0cter il\u00b7l\u00edcit d&#8217;aquesta activitat;<\/p>\n<p>(d) En el sup\u00f2sit de violaci\u00f3 de drets, amb les dades personals del titular dels drets suposadament infringits.<\/p>\n<p>(e) Declaraci\u00f3 expressa, clara i sota la responsabilitat del reclamant que la informaci\u00f3 proporcionada en la notificaci\u00f3 \u00e9s exacta i del car\u00e0cter indegut de la utilitzaci\u00f3 dels continguts o de la realitzaci\u00f3 de les activitats descrites.<\/p>\n<p>AVAN procedir\u00e0 immediatament a adoptar les mesures per a l&#8217;esmena o eliminaci\u00f3, si \u00e9s el cas, de les citades dades o continguts.<\/p>\n<p>Tots els serveis de l&#8217;\u00fas del programari estan protegits per lleis de copyright i tractats internacionals de copyright, aix\u00ed com altres lleis i tractats de car\u00e0cter intel\u00b7lectual. Tots els drets de t\u00edtol i de propietat intel\u00b7lectual en el contingut que s&#8217;accedeix per mitj\u00e0 de l&#8217;\u00fas del WEBSITE \u00e9s propietat de AVAN o del respectiu amo i tamb\u00e9 estan protegits per copyright i altres lleis de propietat intel\u00b7lectual.<\/p>\n<ol start=\"6\">\n<li><strong> PROTECCI\u00d3 DE DADES PERSONALS i CONFIDENCIALITAT<\/strong><\/li>\n<\/ol>\n<p>En compliment del que es disposa en la normativa de protecci\u00f3 de dades, AVAN, com a responsable del tractament, l&#8217;informa que les dades de car\u00e0cter personal que ens proporcioni durant la seva navegaci\u00f3 pel WEBSITE i\/o mitjan\u00e7ant l&#8217;emplenament de formularis situats en aquest, nom\u00e9s s&#8217;utilitzaran per a gestionar el manteniment del WEBSITE, oferir-li un servei \u00f2ptim i de qualitat, millorar l&#8217;experi\u00e8ncia de l&#8217;usuari i fer tasques administratives relaciones amb els serveis i activitats que oferim mitjan\u00e7ant el WEBSITE. Amb la cessi\u00f3 de les seves dades, vost\u00e8 ens autoritza a tractar les seves dades amb les finalitats indicades.<\/p>\n<p>AVAN garanteix la confidencialitat i seguretat de les seves dades de car\u00e0cter personal quan aquests s\u00f3n objecte de tractament en la mesura que t\u00e9 implantades les pol\u00edtiques de tractament i mesures de seguretat a les quals es refereix la normativa de privacitat. Les pol\u00edtiques de tractament i mesures de seguretat implantades en AVAN eviten l&#8217;alteraci\u00f3, p\u00e8rdua, tractament o \u00fas no autoritzat de les seves dades de car\u00e0cter personal.<\/p>\n<p>Tota la informaci\u00f3 que faciliti l&#8217;usuari a trav\u00e9s dels formularis del WEBSITE haur\u00e0 de ser vera\u00e7. Vost\u00e8 ens autoritza al fet que passin a formar part d&#8217;un fitxer del qual \u00e9s responsable AVAN davant el qual podr\u00e0 exercitar els seus drets, i al fet que sigui utilitzada per a mantenir la relaci\u00f3 comercial i rebre informaci\u00f3 i publicitat de la nostra empresa.<\/p>\n<p>A aquest efecte, l&#8217;usuari garanteix l&#8217;autenticitat de totes aquelles dades que comuniqui a conseq\u00fc\u00e8ncia de l&#8217;emplenament dels formularis. D&#8217;igual forma, ser\u00e0 responsabilitat de l&#8217;usuari mantenir tota la informaci\u00f3 facilitada AVAN permanentment actualitzada de manera que respongui, a cada moment, a la situaci\u00f3 real de l&#8217;usuari. L&#8217;usuari ser\u00e0 l&#8217;\u00fanic responsable de les manifestacions falses o inexactes que realitzi i dels perjudicis que causi a AVAN o a tercers per la informaci\u00f3 que faciliti.<\/p>\n<p>Podr\u00e0 exercir els seus drets d&#8217;acc\u00e9s, rectificaci\u00f3, supressi\u00f3, limitaci\u00f3, portabilitat i oposici\u00f3 dirigint-se a AVAN enviant un email a correo@avanservicios.com indicant en l&#8217;assumpte \u201cExercici de drets *LOPDGDD\u201d i el seg\u00fcent contingut:<\/p>\n<ul>\n<li>El seu nom i cognoms o nom d&#8217;usuari,<\/li>\n<li>DNI\/NIE<\/li>\n<li>Correu electr\u00f2nic<\/li>\n<li>Dret que es vol exercir<\/li>\n<li>Informaci\u00f3 sobre la qual vol tenir acc\u00e9s, rectificar, suprimir, limitar el tractament o exercir el seu dret de portabilitat<\/li>\n<\/ul>\n<p>Per a m\u00e9s informaci\u00f3 sobre la nostra pol\u00edtica de protecci\u00f3 de dades consulti la nostra<em><u> \u201c<a href=\"https:\/\/www.avanservicios.com\/ca\/politica-de-privacitat\/\">Pol\u00edtica de Privacitat<\/a> i <a href=\"https:\/\/www.avanservicios.com\/ca\/politica-de-cookies\/\">Pol\u00edtica de Cookies<\/a>\u201d<\/u><\/em><\/p>\n<ol start=\"7\">\n<li><strong> LIMITACIONS DE RESPONSABILITAT<\/strong><\/li>\n<\/ol>\n<p>AVAN no garanteix la disponibilitat i continu\u00eftat del funcionament dels serveis del WEBSITE. Quan aix\u00f2 sigui raonablement possible, advertir\u00e0 pr\u00e8viament de les interrupcions en el funcionament d&#8217;aquests. AVAN tampoc garanteix la utilitat dels serveis del WEBSITE per a la realitzaci\u00f3 de cap activitat en concret, ni la seva infal\u00b7libilitat i, en particular, encara que no de mode exclusiu, no garanteix que els usuaris puguin efectivament utilitzar els mateixos, accedir a les diferents p\u00e0gines web que formen el WEBSITE o aquelles des de les quals es presten els serveis.<\/p>\n<p>Si vost\u00e8 se sent perjudicat per la difusi\u00f3 en el nostre WEBSITE de v\u00eddeos o imatges, pot remetre&#8217;ns un email a correo@avanservicios.com i estudiarem la seva reclamaci\u00f3 i la possibilitat de retirar el material del nostre WEBSITE.<\/p>\n<p>AVAN no garanteix la veracitat, exactitud, exhaustivitat i actualitat dels continguts del seu WEBSITE generats per empleats de AVAN o pels usuaris del WEBSITE en publicar les seves opinions en aquest WEBSITE.<\/p>\n<p>Respecte als enlla\u00e7os externs: el WEBSITE pot contenir enlla\u00e7os a llocs web que no pertanyen, ni s\u00f3n controlats, editats o censurats per AVAN, per tant, no assumim cap responsabilitat pel contingut, pol\u00edtiques de privacitat o pr\u00e0ctiques d&#8217;aquests llocs web externs. L&#8217;exist\u00e8ncia d&#8217;aquests enlla\u00e7os en la web no comporta, per part de AVAN, l&#8217;aprovaci\u00f3 dels productes, serveis, continguts, informaci\u00f3, dades, arxius i qualsevol altra classe de material existent en tals llocs web i no controla ni es fa responsable de la qualitat, licitud, fiabilitat i utilitat de la informaci\u00f3 i\/o continguts i serveis existents en els llocs.<\/p>\n<p>AVAN es guardar\u00e0 el dret a canviar, modificar o afegir cl\u00e0usules sense notificaci\u00f3 pr\u00e8via, sempre que es facin constar degudament en l\u00ednia en el present document.<\/p>\n<ol start=\"8\">\n<li><strong> LEGISLACI\u00d3 APLICABLE<\/strong> i<strong> JURISDICCI\u00d3 COMPETENT<\/strong><\/li>\n<\/ol>\n<p>Els termes i l&#8217;\u00fas del WEBSITE de AVAN o qualsevol servei que ofereixi AVAN seran regits i interpretats d&#8217;acord amb les lleis espanyoles, i per a qualsevol controv\u00e8rsia que es derivi de l&#8217;\u00fas d&#8217;aquest servei les parts se sotmeten expressament a la Jurisdicci\u00f3 dels Tribunals de la ciutat de Barcelona.<\/p>\n<\/div><\/div><\/div><div class=\"fusion-clearfix\"><\/div><\/div><\/div><\/div><\/div><div class=\"fusion-fullwidth fullwidth-box fusion-builder-row-3 hundred-percent-fullwidth non-hundred-percent-height-scrolling\" style=\"--awb-border-radius-top-left:0px;--awb-border-radius-top-right:0px;--awb-border-radius-bottom-right:0px;--awb-border-radius-bottom-left:0px;--awb-padding-top:0px;--awb-padding-right:0px;--awb-padding-bottom:0px;--awb-padding-left:0px;--awb-margin-top:0px;--awb-margin-bottom:0px;--awb-flex-wrap:wrap;\" ><div class=\"fusion-builder-row fusion-row\"><div class=\"fusion-layout-column fusion_builder_column fusion-builder-column-2 fusion_builder_column_1_1 1_1 fusion-one-full fusion-column-first fusion-column-last fusion-animated\" style=\"--awb-bg-size:cover;--awb-margin-bottom:0px;\" data-animationType=\"fadeIn\" data-animationDuration=\"1.0\" data-animationOffset=\"top-into-view\"><div class=\"fusion-column-wrapper fusion-flex-column-wrapper-legacy\"><div class=\"fusion-align-block\"><a class=\"fusion-button button-flat button-xlarge button-custom fusion-button-default button-1 fusion-button-span-yes fusion-button-default-type\" style=\"--button_accent_color:#ffffff;--button_accent_hover_color:#ffffff;--button_border_hover_color:#ffffff;--button_gradient_top_color:#74bced;--button_gradient_bottom_color:#74bced;--button_gradient_top_color_hover:#0f283c;--button_gradient_bottom_color_hover:#0f283c;\" target=\"_self\" href=\"https:\/\/www.avanservicios.com\/ca\/contacte\/\"><span class=\"fusion-button-text\">M\u00e9s informaci\u00f3<\/span><i class=\"fa-arrow-right fas button-icon-right\" aria-hidden=\"true\"><\/i><\/a><\/div><div class=\"fusion-clearfix\"><\/div><\/div><\/div><\/div><\/div><\/p>\n","protected":false},"excerpt":{"rendered":"","protected":false},"author":1,"featured_media":0,"parent":0,"menu_order":0,"comment_status":"closed","ping_status":"closed","template":"100-width.php","meta":{"footnotes":""},"yoast_head":"<!-- This site is optimized with the Yoast SEO plugin v22.1 - https:\/\/yoast.com\/wordpress\/plugins\/seo\/ -->\n<title>Av\u00eds legal - Avan Servicios Externos<\/title>\n<meta name=\"robots\" content=\"index, follow, max-snippet:-1, max-image-preview:large, max-video-preview:-1\" \/>\n<link rel=\"canonical\" href=\"https:\/\/www.avanservicios.com\/ca\/avis-legal\/\" \/>\n<meta property=\"og:locale\" content=\"ca_ES\" \/>\n<meta property=\"og:type\" content=\"article\" \/>\n<meta property=\"og:title\" content=\"Av\u00eds legal - Avan Servicios Externos\" \/>\n<meta property=\"og:url\" content=\"https:\/\/www.avanservicios.com\/ca\/avis-legal\/\" \/>\n<meta property=\"og:site_name\" content=\"Avan Servicios Externos\" \/>\n<meta property=\"article:modified_time\" content=\"2023-11-13T11:01:38+00:00\" \/>\n<meta name=\"twitter:card\" content=\"summary_large_image\" \/>\n<meta name=\"twitter:label1\" content=\"Temps estimat de lectura\" \/>\n\t<meta name=\"twitter:data1\" content=\"12 minuts\" \/>\n<script type=\"application\/ld+json\" class=\"yoast-schema-graph\">{\"@context\":\"https:\/\/schema.org\",\"@graph\":[{\"@type\":\"WebPage\",\"@id\":\"https:\/\/www.avanservicios.com\/ca\/avis-legal\/\",\"url\":\"https:\/\/www.avanservicios.com\/ca\/avis-legal\/\",\"name\":\"Av\u00eds legal - Avan Servicios Externos\",\"isPartOf\":{\"@id\":\"https:\/\/www.avanservicios.com\/#website\"},\"datePublished\":\"2019-01-30T15:07:27+00:00\",\"dateModified\":\"2023-11-13T11:01:38+00:00\",\"breadcrumb\":{\"@id\":\"https:\/\/www.avanservicios.com\/ca\/avis-legal\/#breadcrumb\"},\"inLanguage\":\"ca\",\"potentialAction\":[{\"@type\":\"ReadAction\",\"target\":[\"https:\/\/www.avanservicios.com\/ca\/avis-legal\/\"]}]},{\"@type\":\"BreadcrumbList\",\"@id\":\"https:\/\/www.avanservicios.com\/ca\/avis-legal\/#breadcrumb\",\"itemListElement\":[{\"@type\":\"ListItem\",\"position\":1,\"name\":\"Portada\",\"item\":\"https:\/\/www.avanservicios.com\/ca\/\"},{\"@type\":\"ListItem\",\"position\":2,\"name\":\"Av\u00eds legal\"}]},{\"@type\":\"WebSite\",\"@id\":\"https:\/\/www.avanservicios.com\/#website\",\"url\":\"https:\/\/www.avanservicios.com\/\",\"name\":\"Avan Servicios Externos\",\"description\":\"Descripci\u00f3n de la empresa\",\"potentialAction\":[{\"@type\":\"SearchAction\",\"target\":{\"@type\":\"EntryPoint\",\"urlTemplate\":\"https:\/\/www.avanservicios.com\/?s={search_term_string}\"},\"query-input\":\"required name=search_term_string\"}],\"inLanguage\":\"ca\"}]}<\/script>\n<!-- \/ Yoast SEO plugin. -->","yoast_head_json":{"title":"Av\u00eds legal - Avan Servicios Externos","robots":{"index":"index","follow":"follow","max-snippet":"max-snippet:-1","max-image-preview":"max-image-preview:large","max-video-preview":"max-video-preview:-1"},"canonical":"https:\/\/www.avanservicios.com\/ca\/avis-legal\/","og_locale":"ca_ES","og_type":"article","og_title":"Av\u00eds legal - Avan Servicios Externos","og_url":"https:\/\/www.avanservicios.com\/ca\/avis-legal\/","og_site_name":"Avan Servicios Externos","article_modified_time":"2023-11-13T11:01:38+00:00","twitter_card":"summary_large_image","twitter_misc":{"Temps estimat de lectura":"12 minuts"},"schema":{"@context":"https:\/\/schema.org","@graph":[{"@type":"WebPage","@id":"https:\/\/www.avanservicios.com\/ca\/avis-legal\/","url":"https:\/\/www.avanservicios.com\/ca\/avis-legal\/","name":"Av\u00eds legal - Avan Servicios Externos","isPartOf":{"@id":"https:\/\/www.avanservicios.com\/#website"},"datePublished":"2019-01-30T15:07:27+00:00","dateModified":"2023-11-13T11:01:38+00:00","breadcrumb":{"@id":"https:\/\/www.avanservicios.com\/ca\/avis-legal\/#breadcrumb"},"inLanguage":"ca","potentialAction":[{"@type":"ReadAction","target":["https:\/\/www.avanservicios.com\/ca\/avis-legal\/"]}]},{"@type":"BreadcrumbList","@id":"https:\/\/www.avanservicios.com\/ca\/avis-legal\/#breadcrumb","itemListElement":[{"@type":"ListItem","position":1,"name":"Portada","item":"https:\/\/www.avanservicios.com\/ca\/"},{"@type":"ListItem","position":2,"name":"Av\u00eds legal"}]},{"@type":"WebSite","@id":"https:\/\/www.avanservicios.com\/#website","url":"https:\/\/www.avanservicios.com\/","name":"Avan Servicios Externos","description":"Descripci\u00f3n de la empresa","potentialAction":[{"@type":"SearchAction","target":{"@type":"EntryPoint","urlTemplate":"https:\/\/www.avanservicios.com\/?s={search_term_string}"},"query-input":"required name=search_term_string"}],"inLanguage":"ca"}]}},"_links":{"self":[{"href":"https:\/\/www.avanservicios.com\/ca\/wp-json\/wp\/v2\/pages\/706"}],"collection":[{"href":"https:\/\/www.avanservicios.com\/ca\/wp-json\/wp\/v2\/pages"}],"about":[{"href":"https:\/\/www.avanservicios.com\/ca\/wp-json\/wp\/v2\/types\/page"}],"author":[{"embeddable":true,"href":"https:\/\/www.avanservicios.com\/ca\/wp-json\/wp\/v2\/users\/1"}],"replies":[{"embeddable":true,"href":"https:\/\/www.avanservicios.com\/ca\/wp-json\/wp\/v2\/comments?post=706"}],"version-history":[{"count":7,"href":"https:\/\/www.avanservicios.com\/ca\/wp-json\/wp\/v2\/pages\/706\/revisions"}],"predecessor-version":[{"id":1882,"href":"https:\/\/www.avanservicios.com\/ca\/wp-json\/wp\/v2\/pages\/706\/revisions\/1882"}],"wp:attachment":[{"href":"https:\/\/www.avanservicios.com\/ca\/wp-json\/wp\/v2\/media?parent=706"}],"curies":[{"name":"wp","href":"https:\/\/api.w.org\/{rel}","templated":true}]}}