{"id":1840,"date":"2023-10-27T10:22:00","date_gmt":"2023-10-27T10:22:00","guid":{"rendered":"https:\/\/www.avanservicios.com\/?page_id=1840"},"modified":"2025-07-02T10:10:40","modified_gmt":"2025-07-02T10:10:40","slug":"canal-etic-comunicacio-assetjament-sexual","status":"publish","type":"page","link":"https:\/\/www.avanservicios.com\/ca\/canal-etic-comunicacio-assetjament-sexual\/","title":{"rendered":"Canal \u00e8tic \/ Comunicaci\u00f3 Assetjament Sexual"},"content":{"rendered":"<div class=\"fusion-fullwidth fullwidth-box fusion-builder-row-1 nonhundred-percent-fullwidth non-hundred-percent-height-scrolling\" style=\"--awb-border-radius-top-left:0px;--awb-border-radius-top-right:0px;--awb-border-radius-bottom-right:0px;--awb-border-radius-bottom-left:0px;--awb-flex-wrap:wrap;\" ><div class=\"fusion-builder-row fusion-row\"><div class=\"fusion-layout-column fusion_builder_column fusion-builder-column-0 fusion_builder_column_1_1 1_1 fusion-one-full fusion-column-first fusion-column-last\" style=\"--awb-bg-size:cover;\"><div class=\"fusion-column-wrapper fusion-column-has-shadow fusion-flex-column-wrapper-legacy\"><div class=\"fusion-title title fusion-title-1 fusion-sep-none fusion-title-text fusion-title-size-one\"><h1 class=\"fusion-title-heading title-heading-left\" style=\"margin:0;\"><p style=\"text-align: center;\">Canal \u00e8tic \/ Comunicaci\u00f3 Assetjament Sexual<\/p><\/h1><\/div><div class=\"fusion-clearfix\"><\/div><\/div><\/div><div class=\"fusion-layout-column fusion_builder_column fusion-builder-column-1 fusion_builder_column_1_1 1_1 fusion-one-full fusion-column-first fusion-column-last\" style=\"--awb-bg-size:cover;\"><div class=\"fusion-column-wrapper fusion-column-has-shadow fusion-flex-column-wrapper-legacy\"><div class=\"fusion-text fusion-text-1\"><p>A Avan Servicios Externos S.L. creiem fermament en la import\u00e0ncia de fomentar un entorn segur, \u00e8tic, d&#8217;igualtat i de confian\u00e7a per a tots els nostres empleats, clients i socis en general. Per aquesta ra\u00f3, hem implementat un s\u00f2lid Canal \u00c8tic. Un canal on es pot comunicar qualsevol possible incompliment o irregularitat a l&#8217;organitzaci\u00f3, tal com es descriu a la Llei 2\/2023, de 20 de febrer, reguladora de la protecci\u00f3 de les persones que informen sobre infraccions normatives i de lluita<br \/>\ncontra la corrupci\u00f3.<\/p>\n<p><strong>QUINS FETS ES PODEN NOTIFICAR?<\/strong><\/p>\n<p>Pots informar a trav\u00e9s del Canal \u00c8tic d&#8217;aquells fets que consideris que poden suposar un incompliment de la normativa legal, o de qualsevol normativa interna vigent, com ara:<\/p>\n<p>\u2022 Conductes relatives al frau i corrupci\u00f3.<br \/>\n\u2022 Conductes relatives a la seguretat, salut i higiene en el treball.<br \/>\n\u2022 Discriminaci\u00f3 i assetjament al lloc de treball.<br \/>\n\u2022 Situacions d&#8217;Assetjament Laboral i Sexual per Ra\u00f3 de G\u00e8nere.<br \/>\n\u2022 Conductes relatives a la seguretat de la informaci\u00f3, protecci\u00f3 de dades i mercats de valors.<br \/>\n\u2022 Pr\u00e0ctiques anticompetitives.<br \/>\n\u2022 Conductes contr\u00e0ries als drets humans o danys al medi ambient.<br \/>\n\u2022 Altres possibles infraccions penals o administratives.<\/p>\n<p><strong>CARACTER\u00cdSTIQUES PRINCIPALS:<\/strong><\/p>\n<p>Confidencialitat: Entenem que la confidencialitat \u00e9s fonamental per encoratjar les persones a presentar den\u00fancies. Garantim la confidencialitat absoluta en tot el proc\u00e9s i protegim la identitat de la persona denunciant en la mesura que permeti la llei. S&#8217;inclou la possibilitat de realitzar l&#8217;alerta de manera an\u00f2nima.<\/p>\n<p>Proc\u00e9s d&#8217;investigaci\u00f3 imparcial: Una vegada que es presenta una den\u00fancia, el nostre equip d&#8217;experts investigar\u00e0 minuciosament l&#8217;assumpte de manera objectiva i diligent de conformitat amb la normativa interna i la legislaci\u00f3 aplicable. Al llarg de tot el proc\u00e9s es respectaran els drets dels<br \/>\nimplicats, en particular la presumpci\u00f3 d&#8217;innoc\u00e8ncia.<\/p>\n<p>Protecci\u00f3 contra repres\u00e0lies: No tolerem cap forma de repres\u00e0lia contra les persones denunciants de bona fe. Estem compromesos a salvaguardar els drets i la integritat d&#8217;aquells que s&#8217;atreveixen a denunciar qualsevol irregularitat. Prendrem mesures disciplin\u00e0ries apropiades contra qualsevol individu que prengui repres\u00e0lies contra un denunciant.Resoluci\u00f3 i seguiment: Una vegada conclosa la investigaci\u00f3, prendrem les accions necess\u00e0ries per abordar el problema identificat i, quan sigui possible, prendrem mesures correctives per prevenir futures violacions. A m\u00e9s, ens comprometem a mantenir informada la persona denunciant sobre el progr\u00e9s i la resoluci\u00f3 de la seva den\u00fancia, sempre que sigui possible i perm\u00e8s per la llei.<\/p>\n<p><strong>COM ENVIAR UNA COMUNICACI\u00d3?<\/strong><\/p>\n<p><img decoding=\"async\" class=\"size-full wp-image-1939 aligncenter\" src=\"https:\/\/www.avanservicios.com\/wp-content\/uploads\/2025\/07\/Captura-de-pantalla-2025-07-02-a-las-12.01.01.png\" alt=\"\" width=\"404\" height=\"220\" srcset=\"https:\/\/www.avanservicios.com\/wp-content\/uploads\/2025\/07\/Captura-de-pantalla-2025-07-02-a-las-12.01.01-200x109.png 200w, https:\/\/www.avanservicios.com\/wp-content\/uploads\/2025\/07\/Captura-de-pantalla-2025-07-02-a-las-12.01.01-300x163.png 300w, https:\/\/www.avanservicios.com\/wp-content\/uploads\/2025\/07\/Captura-de-pantalla-2025-07-02-a-las-12.01.01-400x218.png 400w, https:\/\/www.avanservicios.com\/wp-content\/uploads\/2025\/07\/Captura-de-pantalla-2025-07-02-a-las-12.01.01.png 404w\" sizes=\"(max-width: 404px) 100vw, 404px\" \/><\/p>\n<p>Pots accedir a ella a trav\u00e9s d&#8217;aquest enlla\u00e7:<\/p>\n<p><a href=\"https:\/\/complaints.tramitapp.com\/complaints\/#\/67bdacef4c48c82f373b0716\/\">https:\/\/complaints.tramitapp.com\/complaints\/#\/67bdacef4c48c82f373b0716\/<\/a><\/p>\n<p>1. Prem el bot\u00f3 \u201cRealitzar una den\u00fancia\u201d.<br \/>\n2. Selecciona el \u201ctipus de den\u00fancia\u201d.<br \/>\n3. Identifica&#8217;t o selecciona l&#8217;opci\u00f3 d&#8217;anonimat.<br \/>\n4. Escriu el teu missatge sent el m\u00e9s espec\u00edfic possible. Pots adjuntar tant imatges com documentaci\u00f3.<br \/>\n5. Prem el bot\u00f3 \u201cEnviar\u201d.<br \/>\n6. Si desitges fer seguiment a la teva den\u00fancia, has d&#8217;ingressar a la p\u00e0gina d&#8217;inici, al bot\u00f3 \u201cSeguiment d&#8217;una den\u00fancia\u201d.<\/p>\n<p><strong>Important:<\/strong><\/p>\n<p>Aquest Canal \u00c8tic no \u00e9s un servei d&#8217;emerg\u00e8ncies. No s&#8217;ha d&#8217;utilitzar aquest canal per informar sobre situacions que comportin una amena\u00e7a immediata. Si necessites assist\u00e8ncia en una situaci\u00f3 d&#8217;aquest tipus, si us plau contacta amb les teves autoritats locals i utilitza els canals definits a tal efecte.<\/p>\n<\/div><div class=\"fusion-clearfix\"><\/div><\/div><\/div><\/div><\/div>\n","protected":false},"excerpt":{"rendered":"","protected":false},"author":1,"featured_media":0,"parent":0,"menu_order":0,"comment_status":"closed","ping_status":"closed","template":"","meta":{"footnotes":""},"yoast_head":"<!-- This site is optimized with the Yoast SEO plugin v22.1 - https:\/\/yoast.com\/wordpress\/plugins\/seo\/ -->\n<title>Canal \u00e8tic \/ Comunicaci\u00f3 Assetjament Sexual - Avan Servicios Externos<\/title>\n<meta name=\"robots\" content=\"index, follow, max-snippet:-1, max-image-preview:large, max-video-preview:-1\" \/>\n<link rel=\"canonical\" href=\"https:\/\/www.avanservicios.com\/ca\/canal-etic-comunicacio-assetjament-sexual\/\" \/>\n<meta property=\"og:locale\" content=\"ca_ES\" \/>\n<meta property=\"og:type\" content=\"article\" \/>\n<meta property=\"og:title\" content=\"Canal \u00e8tic \/ Comunicaci\u00f3 Assetjament Sexual - Avan Servicios Externos\" \/>\n<meta property=\"og:url\" content=\"https:\/\/www.avanservicios.com\/ca\/canal-etic-comunicacio-assetjament-sexual\/\" \/>\n<meta property=\"og:site_name\" content=\"Avan Servicios Externos\" \/>\n<meta property=\"article:modified_time\" content=\"2025-07-02T10:10:40+00:00\" \/>\n<meta property=\"og:image\" content=\"https:\/\/www.avanservicios.com\/wp-content\/uploads\/2025\/07\/Captura-de-pantalla-2025-07-02-a-las-12.01.01.png\" \/>\n<meta name=\"twitter:card\" content=\"summary_large_image\" \/>\n<meta name=\"twitter:label1\" content=\"Temps estimat de lectura\" \/>\n\t<meta name=\"twitter:data1\" content=\"3 minuts\" \/>\n<script type=\"application\/ld+json\" class=\"yoast-schema-graph\">{\"@context\":\"https:\/\/schema.org\",\"@graph\":[{\"@type\":\"WebPage\",\"@id\":\"https:\/\/www.avanservicios.com\/ca\/canal-etic-comunicacio-assetjament-sexual\/\",\"url\":\"https:\/\/www.avanservicios.com\/ca\/canal-etic-comunicacio-assetjament-sexual\/\",\"name\":\"Canal \u00e8tic \/ Comunicaci\u00f3 Assetjament Sexual - Avan Servicios Externos\",\"isPartOf\":{\"@id\":\"https:\/\/www.avanservicios.com\/#website\"},\"datePublished\":\"2023-10-27T10:22:00+00:00\",\"dateModified\":\"2025-07-02T10:10:40+00:00\",\"breadcrumb\":{\"@id\":\"https:\/\/www.avanservicios.com\/ca\/canal-etic-comunicacio-assetjament-sexual\/#breadcrumb\"},\"inLanguage\":\"ca\",\"potentialAction\":[{\"@type\":\"ReadAction\",\"target\":[\"https:\/\/www.avanservicios.com\/ca\/canal-etic-comunicacio-assetjament-sexual\/\"]}]},{\"@type\":\"BreadcrumbList\",\"@id\":\"https:\/\/www.avanservicios.com\/ca\/canal-etic-comunicacio-assetjament-sexual\/#breadcrumb\",\"itemListElement\":[{\"@type\":\"ListItem\",\"position\":1,\"name\":\"Portada\",\"item\":\"https:\/\/www.avanservicios.com\/ca\/\"},{\"@type\":\"ListItem\",\"position\":2,\"name\":\"Canal \u00e8tic \/ Comunicaci\u00f3 Assetjament Sexual\"}]},{\"@type\":\"WebSite\",\"@id\":\"https:\/\/www.avanservicios.com\/#website\",\"url\":\"https:\/\/www.avanservicios.com\/\",\"name\":\"Avan Servicios Externos\",\"description\":\"Descripci\u00f3n de la empresa\",\"potentialAction\":[{\"@type\":\"SearchAction\",\"target\":{\"@type\":\"EntryPoint\",\"urlTemplate\":\"https:\/\/www.avanservicios.com\/?s={search_term_string}\"},\"query-input\":\"required name=search_term_string\"}],\"inLanguage\":\"ca\"}]}<\/script>\n<!-- \/ Yoast SEO plugin. -->","yoast_head_json":{"title":"Canal \u00e8tic \/ Comunicaci\u00f3 Assetjament Sexual - Avan Servicios Externos","robots":{"index":"index","follow":"follow","max-snippet":"max-snippet:-1","max-image-preview":"max-image-preview:large","max-video-preview":"max-video-preview:-1"},"canonical":"https:\/\/www.avanservicios.com\/ca\/canal-etic-comunicacio-assetjament-sexual\/","og_locale":"ca_ES","og_type":"article","og_title":"Canal \u00e8tic \/ Comunicaci\u00f3 Assetjament Sexual - Avan Servicios Externos","og_url":"https:\/\/www.avanservicios.com\/ca\/canal-etic-comunicacio-assetjament-sexual\/","og_site_name":"Avan Servicios Externos","article_modified_time":"2025-07-02T10:10:40+00:00","og_image":[{"url":"https:\/\/www.avanservicios.com\/wp-content\/uploads\/2025\/07\/Captura-de-pantalla-2025-07-02-a-las-12.01.01.png"}],"twitter_card":"summary_large_image","twitter_misc":{"Temps estimat de lectura":"3 minuts"},"schema":{"@context":"https:\/\/schema.org","@graph":[{"@type":"WebPage","@id":"https:\/\/www.avanservicios.com\/ca\/canal-etic-comunicacio-assetjament-sexual\/","url":"https:\/\/www.avanservicios.com\/ca\/canal-etic-comunicacio-assetjament-sexual\/","name":"Canal \u00e8tic \/ Comunicaci\u00f3 Assetjament Sexual - Avan Servicios Externos","isPartOf":{"@id":"https:\/\/www.avanservicios.com\/#website"},"datePublished":"2023-10-27T10:22:00+00:00","dateModified":"2025-07-02T10:10:40+00:00","breadcrumb":{"@id":"https:\/\/www.avanservicios.com\/ca\/canal-etic-comunicacio-assetjament-sexual\/#breadcrumb"},"inLanguage":"ca","potentialAction":[{"@type":"ReadAction","target":["https:\/\/www.avanservicios.com\/ca\/canal-etic-comunicacio-assetjament-sexual\/"]}]},{"@type":"BreadcrumbList","@id":"https:\/\/www.avanservicios.com\/ca\/canal-etic-comunicacio-assetjament-sexual\/#breadcrumb","itemListElement":[{"@type":"ListItem","position":1,"name":"Portada","item":"https:\/\/www.avanservicios.com\/ca\/"},{"@type":"ListItem","position":2,"name":"Canal \u00e8tic \/ Comunicaci\u00f3 Assetjament Sexual"}]},{"@type":"WebSite","@id":"https:\/\/www.avanservicios.com\/#website","url":"https:\/\/www.avanservicios.com\/","name":"Avan Servicios Externos","description":"Descripci\u00f3n de la empresa","potentialAction":[{"@type":"SearchAction","target":{"@type":"EntryPoint","urlTemplate":"https:\/\/www.avanservicios.com\/?s={search_term_string}"},"query-input":"required name=search_term_string"}],"inLanguage":"ca"}]}},"_links":{"self":[{"href":"https:\/\/www.avanservicios.com\/ca\/wp-json\/wp\/v2\/pages\/1840"}],"collection":[{"href":"https:\/\/www.avanservicios.com\/ca\/wp-json\/wp\/v2\/pages"}],"about":[{"href":"https:\/\/www.avanservicios.com\/ca\/wp-json\/wp\/v2\/types\/page"}],"author":[{"embeddable":true,"href":"https:\/\/www.avanservicios.com\/ca\/wp-json\/wp\/v2\/users\/1"}],"replies":[{"embeddable":true,"href":"https:\/\/www.avanservicios.com\/ca\/wp-json\/wp\/v2\/comments?post=1840"}],"version-history":[{"count":12,"href":"https:\/\/www.avanservicios.com\/ca\/wp-json\/wp\/v2\/pages\/1840\/revisions"}],"predecessor-version":[{"id":1944,"href":"https:\/\/www.avanservicios.com\/ca\/wp-json\/wp\/v2\/pages\/1840\/revisions\/1944"}],"wp:attachment":[{"href":"https:\/\/www.avanservicios.com\/ca\/wp-json\/wp\/v2\/media?parent=1840"}],"curies":[{"name":"wp","href":"https:\/\/api.w.org\/{rel}","templated":true}]}}