{"id":1135,"date":"2019-09-20T08:34:27","date_gmt":"2019-09-20T08:34:27","guid":{"rendered":"https:\/\/www.avanservicios.com\/?page_id=1135"},"modified":"2019-09-23T10:26:27","modified_gmt":"2019-09-23T10:26:27","slug":"valors","status":"publish","type":"page","link":"https:\/\/www.avanservicios.com\/ca\/valors\/","title":{"rendered":"Valors"},"content":{"rendered":"<p><div class=\"fusion-fullwidth fullwidth-box fusion-builder-row-1 fusion-parallax-none nonhundred-percent-fullwidth non-hundred-percent-height-scrolling fusion-equal-height-columns\" style=\"--awb-background-position:center top;--awb-background-blend-mode:overlay;--awb-border-radius-top-left:0px;--awb-border-radius-top-right:0px;--awb-border-radius-bottom-right:0px;--awb-border-radius-bottom-left:0px;--awb-padding-top:190px;--awb-padding-right:50px;--awb-padding-bottom:20px;--awb-padding-left:50px;--awb-background-color:rgba(0,35,57,0.7);--awb-background-image:url(&quot;https:\/\/www.avanservicios.com\/wp-content\/uploads\/2019\/09\/header_valores.jpg&quot;);--awb-background-size:cover;--awb-flex-wrap:wrap;\" ><div class=\"fusion-builder-row fusion-row\"><div class=\"fusion-layout-column fusion_builder_column fusion-builder-column-0 fusion_builder_column_1_1 1_1 fusion-one-full fusion-column-first fusion-column-last fusion-animated\" style=\"--awb-bg-size:cover;\" data-animationType=\"fadeInDown\" data-animationDuration=\"1.0\" data-animationOffset=\"top-into-view\"><div class=\"fusion-column-wrapper fusion-flex-column-wrapper-legacy\"><div class=\"fusion-title title fusion-title-1 fusion-sep-none fusion-title-center fusion-title-text fusion-title-size-one\" style=\"--awb-text-color:#ffffff;--awb-margin-bottom:0px;--awb-font-size:50px;\"><h1 class=\"fusion-title-heading title-heading-center\" style=\"margin:0;font-size:1em;\">Valors<\/h1><\/div><div class=\"fusion-text fusion-text-1\"><p style=\"text-align: center;\"><span style=\"color: #ffffff; font-size: 130%;\">Ens enorgulleix mantenir la fidelitat als mateixos principis que vam establir quan vam fundar Avan Servicios.<br \/>\n<\/span><\/p>\n<\/div><div class=\"fusion-clearfix\"><\/div><\/div><\/div><div class=\"fusion-layout-column fusion_builder_column fusion-builder-column-1 fusion_builder_column_1_3 1_3 fusion-one-third fusion-column-first\" style=\"--awb-bg-size:cover;width:33.333333333333%;width:calc(33.333333333333% - ( ( 4% + 4% ) * 0.33333333333333 ) );margin-right: 4%;\"><div class=\"fusion-column-wrapper fusion-flex-column-wrapper-legacy\"><div class=\"fusion-clearfix\"><\/div><\/div><\/div><div class=\"fusion-layout-column fusion_builder_column fusion-builder-column-2 fusion_builder_column_1_3 1_3 fusion-one-third fusion-column-no-min-height fusion-animated\" style=\"--awb-bg-size:cover;width:33.333333333333%;width:calc(33.333333333333% - ( ( 4% + 4% ) * 0.33333333333333 ) );margin-right: 4%;\" data-animationType=\"fadeInUp\" data-animationDuration=\"1.0\" data-animationOffset=\"top-into-view\"><div class=\"fusion-column-wrapper fusion-flex-column-wrapper-legacy\"><div class=\"fusion-content-boxes content-boxes columns row fusion-columns-1 fusion-columns-total-1 fusion-content-boxes-1 content-boxes-icon-with-title content-left\" style=\"--awb-title-color:#ffffff;--awb-iconcolor:#3084c5;--awb-hover-accent-color:#254084;--awb-circle-hover-accent-color:#254084;--awb-item-margin-bottom:40px;\" data-animationOffset=\"top-into-view\"><div style=\"--awb-backgroundcolor:rgba(255,255,255,0);--awb-iconcolor:#3084c5;\" class=\"fusion-column content-box-column content-box-column content-box-column-1 col-lg-12 col-md-12 col-sm-12 fusion-content-box-hover content-box-column-last content-box-column-last-in-row\"><div class=\"col content-box-wrapper content-wrapper link-area-link-icon icon-hover-animation-none\" data-animationOffset=\"top-into-view\"><div class=\"heading heading-with-icon icon-left\"><div class=\"icon\"><i style=\"border-color:#3084c5;border-width:1px;background-color:#ffffff;box-sizing:content-box;height:42px;width:42px;line-height:42px;border-radius:0px;font-size:21px;\" aria-hidden=\"true\" class=\"fontawesome-icon fa-phone-volume fas circle-yes\"><\/i><\/div><h2 class=\"content-box-heading\" style=\"--h2_typography-font-size:25px;line-height:30px;\">Truca'ns! 931 124 350 <\/h2><\/div><\/div><\/div><div class=\"fusion-clearfix\"><\/div><\/div><div class=\"fusion-clearfix\"><\/div><\/div><\/div><div class=\"fusion-layout-column fusion_builder_column fusion-builder-column-3 fusion_builder_column_1_3 1_3 fusion-one-third fusion-column-last\" style=\"--awb-bg-size:cover;width:33.333333333333%;width:calc(33.333333333333% - ( ( 4% + 4% ) * 0.33333333333333 ) );\"><div class=\"fusion-column-wrapper fusion-flex-column-wrapper-legacy\"><div class=\"fusion-clearfix\"><\/div><\/div><\/div><\/div><\/div><div class=\"fusion-fullwidth fullwidth-box fusion-builder-row-2 nonhundred-percent-fullwidth non-hundred-percent-height-scrolling fusion-equal-height-columns\" style=\"--awb-border-radius-top-left:0px;--awb-border-radius-top-right:0px;--awb-border-radius-bottom-right:0px;--awb-border-radius-bottom-left:0px;--awb-padding-top:70px;--awb-padding-bottom:20px;--awb-margin-bottom:0px;--awb-flex-wrap:wrap;\" ><div class=\"fusion-builder-row fusion-row\"><div class=\"fusion-layout-column fusion_builder_column fusion-builder-column-4 fusion_builder_column_1_6 1_6 fusion-one-sixth fusion-column-first\" style=\"--awb-bg-size:cover;width:16.666666666667%;width:calc(16.666666666667% - ( ( 4% + 4% ) * 0.16666666666667 ) );margin-right: 4%;\"><div class=\"fusion-column-wrapper fusion-column-has-shadow fusion-flex-column-wrapper-legacy\"><div class=\"fusion-clearfix\"><\/div><\/div><\/div><div class=\"fusion-layout-column fusion_builder_column fusion-builder-column-5 fusion_builder_column_2_3 2_3 fusion-two-third fusion-animated\" style=\"--awb-bg-position:center center;--awb-bg-size:cover;width:66.666666666667%;width:calc(66.666666666667% - ( ( 4% + 4% ) * 0.66666666666667 ) );margin-right: 4%;\" data-animationType=\"fadeInDown\" data-animationDuration=\"1.0\" data-animationOffset=\"top-into-view\"><div class=\"fusion-column-wrapper fusion-column-has-shadow fusion-flex-column-wrapper-legacy\"><div class=\"fusion-title title fusion-title-2 fusion-sep-none fusion-title-center fusion-title-text fusion-title-size-two\" style=\"--awb-text-color:#74bced;\"><h2 class=\"fusion-title-heading title-heading-center\" style=\"margin:0;\">Els nostres valors<\/h2><\/div><div class=\"fusion-text fusion-text-2\"><p style=\"text-align: center;\"><span style=\"font-size: 200%;\">Tot el nostre treball se sost\u00e9 sobre els nostres valors, que constitueixen la base de la nostra cultura empresarial.<\/span><\/p>\n<\/div><div class=\"fusion-clearfix\"><\/div><\/div><\/div><div class=\"fusion-layout-column fusion_builder_column fusion-builder-column-6 fusion_builder_column_1_6 1_6 fusion-one-sixth fusion-column-last\" style=\"--awb-bg-size:cover;width:16.666666666667%;width:calc(16.666666666667% - ( ( 4% + 4% ) * 0.16666666666667 ) );\"><div class=\"fusion-column-wrapper fusion-column-has-shadow fusion-flex-column-wrapper-legacy\"><div class=\"fusion-clearfix\"><\/div><\/div><\/div><\/div><\/div><div class=\"fusion-fullwidth fullwidth-box fusion-builder-row-3 nonhundred-percent-fullwidth non-hundred-percent-height-scrolling fusion-equal-height-columns\" style=\"--awb-border-radius-top-left:0px;--awb-border-radius-top-right:0px;--awb-border-radius-bottom-right:0px;--awb-border-radius-bottom-left:0px;--awb-flex-wrap:wrap;\" ><div class=\"fusion-builder-row fusion-row\"><div class=\"fusion-layout-column fusion_builder_column fusion-builder-column-7 fusion_builder_column_1_3 1_3 fusion-one-third fusion-column-first fusion-animated\" style=\"--awb-padding-top:20px;--awb-padding-right:40px;--awb-padding-bottom:20px;--awb-padding-left:40px;--awb-bg-size:cover;--awb-border-color:#e0e0e0;--awb-border-right:1px;--awb-border-style:solid;\" data-animationType=\"slideInLeft\" data-animationDuration=\"1.0\" data-animationOffset=\"top-into-view\"><div class=\"fusion-column-wrapper fusion-column-has-shadow fusion-flex-column-wrapper-legacy\"><i class=\"fb-icon-element-1 fb-icon-element fontawesome-icon fa-heart far circle-no fusion-text-flow\" style=\"--awb-iconcolor:#74bced;--awb-iconcolor-hover:#74bced;--awb-font-size:30px;--awb-margin-right:15px;\"><\/i><div class=\"fusion-text fusion-text-3\"><p style=\"text-align: left;\"><span style=\"font-size: 120%;\"><strong>GESTI\u00d3 EMOCIONAL<\/strong><\/span><\/p>\n<p style=\"text-align: left;\">Estima i afecte s\u00f3n dues paraules que solem utilitzar: respectar, cuidar i ajudar els nostres clients i al nostre personal \u00e9s la nostra forma natural d&#8217;actuar.<\/p>\n<\/div><div class=\"fusion-clearfix\"><\/div><\/div><\/div><div class=\"fusion-layout-column fusion_builder_column fusion-builder-column-8 fusion_builder_column_1_3 1_3 fusion-one-third fusion-animated\" style=\"--awb-padding-top:20px;--awb-padding-right:40px;--awb-padding-bottom:20px;--awb-padding-left:40px;--awb-bg-size:cover;--awb-border-color:#e0e0e0;--awb-border-right:1px;--awb-border-style:solid;\" data-animationType=\"fadeIn\" data-animationDuration=\"1.0\" data-animationOffset=\"top-into-view\"><div class=\"fusion-column-wrapper fusion-column-has-shadow fusion-flex-column-wrapper-legacy\"><i class=\"fb-icon-element-2 fb-icon-element fontawesome-icon fa-smile far circle-no fusion-text-flow\" style=\"--awb-iconcolor:#74bced;--awb-iconcolor-hover:#74bced;--awb-font-size:30px;--awb-margin-right:15px;\"><\/i><div class=\"fusion-text fusion-text-4\"><p style=\"text-align: left;\"><span style=\"font-size: 120%;\"><strong>EMPATIA<\/strong><\/span><\/p>\n<p style=\"text-align: left;\">L&#8217;escolta activa \u00e9s, per nosaltres, una forma d&#8217;aprenentatge. Les opinions dels nostres clients i els nostres treballadors ens ajuden a cr\u00e9ixer.<\/p>\n<\/div><div class=\"fusion-clearfix\"><\/div><\/div><\/div><div class=\"fusion-layout-column fusion_builder_column fusion-builder-column-9 fusion_builder_column_1_3 1_3 fusion-one-third fusion-column-last fusion-animated\" style=\"--awb-padding-top:20px;--awb-padding-right:40px;--awb-padding-bottom:20px;--awb-padding-left:40px;--awb-bg-size:cover;--awb-border-color:#e0e0e0;--awb-border-style:solid;\" data-animationType=\"slideInRight\" data-animationDuration=\"1.0\" data-animationOffset=\"top-into-view\"><div class=\"fusion-column-wrapper fusion-column-has-shadow fusion-flex-column-wrapper-legacy\"><i class=\"fb-icon-element-3 fb-icon-element fontawesome-icon fa-handshake far circle-no fusion-text-flow\" style=\"--awb-iconcolor:#74bced;--awb-iconcolor-hover:#74bced;--awb-font-size:30px;--awb-margin-right:15px;\"><\/i><div class=\"fusion-text fusion-text-5\"><p style=\"text-align: left;\"><span style=\"font-size: 120%;\"><strong>TRANSPAR\u00c8NCIA<\/strong><\/span><\/p>\n<p style=\"text-align: left;\">Entenem la transpar\u00e8ncia com una comunicaci\u00f3 oberta en la qual es fonamenten les bases de qualsevol relaci\u00f3 de confian\u00e7a.<\/p>\n<\/div><div class=\"fusion-clearfix\"><\/div><\/div><\/div><div class=\"fusion-layout-column fusion_builder_column fusion-builder-column-10 fusion_builder_column_1_1 1_1 fusion-one-full fusion-column-first fusion-column-last fusion-column-no-min-height fusion-animated\" style=\"--awb-padding-top:20px;--awb-padding-right:40px;--awb-padding-bottom:20px;--awb-padding-left:40px;--awb-bg-size:cover;--awb-border-color:#e0e0e0;--awb-border-style:solid;\" data-animationType=\"fadeIn\" data-animationDuration=\"1.0\" data-animationOffset=\"top-into-view\"><div class=\"fusion-column-wrapper fusion-column-has-shadow fusion-flex-column-wrapper-legacy\"><div class=\"fusion-sep-clear\"><\/div><div class=\"fusion-separator fusion-full-width-sep\" style=\"margin-left: auto;margin-right: auto;margin-bottom:50px;width:100%;\"><div class=\"fusion-separator-border sep-single sep-solid\" style=\"--awb-height:20px;--awb-amount:20px;border-color:#e0dede;border-top-width:1px;\"><\/div><\/div><div class=\"fusion-sep-clear\"><\/div><i class=\"fb-icon-element-4 fb-icon-element fontawesome-icon fa-user-tie fas circle-no fusion-text-flow\" style=\"--awb-iconcolor:#74bced;--awb-iconcolor-hover:#74bced;--awb-font-size:30px;--awb-margin-right:15px;\"><\/i><div class=\"fusion-text fusion-text-6\"><p style=\"text-align: left;\"><span style=\"font-size: 120%;\"><strong>SERIETAT<\/strong><\/span><\/p>\n<p style=\"text-align: left;\">Som propers, s\u00ed, per\u00f2 tamb\u00e9 complim amb l&#8217;acordat. Com a empresa responsable, oferim serietat a la nostra plantilla. De la mateixa manera, els nostres treballadors responen amb implicaci\u00f3 en l&#8217;acompliment de les seves funcions.<\/p>\n<\/div><div class=\"fusion-sep-clear\"><\/div><div class=\"fusion-separator fusion-full-width-sep\" style=\"margin-left: auto;margin-right: auto;margin-top:30px;width:100%;\"><div class=\"fusion-separator-border sep-single sep-solid\" style=\"--awb-height:20px;--awb-amount:20px;border-color:#e0dede;border-top-width:1px;\"><\/div><\/div><div class=\"fusion-sep-clear\"><\/div><div class=\"fusion-clearfix\"><\/div><\/div><\/div><div class=\"fusion-layout-column fusion_builder_column fusion-builder-column-11 fusion_builder_column_1_3 1_3 fusion-one-third fusion-column-first fusion-animated\" style=\"--awb-padding-top:20px;--awb-padding-right:40px;--awb-padding-bottom:20px;--awb-padding-left:40px;--awb-bg-size:cover;--awb-border-color:#e0e0e0;--awb-border-right:1px;--awb-border-style:solid;\" data-animationType=\"slideInLeft\" data-animationDuration=\"1.0\" data-animationOffset=\"top-into-view\"><div class=\"fusion-column-wrapper fusion-column-has-shadow fusion-flex-column-wrapper-legacy\"><i class=\"fb-icon-element-5 fb-icon-element fontawesome-icon fa-star far circle-no fusion-text-flow\" style=\"--awb-iconcolor:#74bced;--awb-iconcolor-hover:#74bced;--awb-font-size:30px;--awb-margin-right:15px;\"><\/i><div class=\"fusion-text fusion-text-7\"><p style=\"text-align: left;\"><span style=\"font-size: 120%;\"><strong>EFIC\u00c0CIA<\/strong><\/span><\/p>\n<p style=\"text-align: left;\">Els treballadors feli\u00e7os s\u00f3n m\u00e9s efica\u00e7os. Per aix\u00f2, bon tracte i comprom\u00eds van sempre de la m\u00e0.<\/p>\n<\/div><div class=\"fusion-clearfix\"><\/div><\/div><\/div><div class=\"fusion-layout-column fusion_builder_column fusion-builder-column-12 fusion_builder_column_1_3 1_3 fusion-one-third fusion-animated\" style=\"--awb-padding-top:20px;--awb-padding-right:40px;--awb-padding-bottom:20px;--awb-padding-left:40px;--awb-bg-size:cover;--awb-border-color:#e0e0e0;--awb-border-right:1px;--awb-border-style:solid;\" data-animationType=\"fadeIn\" data-animationDuration=\"1.0\" data-animationOffset=\"top-into-view\"><div class=\"fusion-column-wrapper fusion-column-has-shadow fusion-flex-column-wrapper-legacy\"><i class=\"fb-icon-element-6 fb-icon-element fontawesome-icon fa-gem far circle-no fusion-text-flow\" style=\"--awb-iconcolor:#74bced;--awb-iconcolor-hover:#74bced;--awb-font-size:30px;--awb-margin-right:15px;\"><\/i><div class=\"fusion-text fusion-text-8\"><p style=\"text-align: left;\"><span style=\"font-size: 120%;\"><strong>QUALITAT<\/strong><\/span><\/p>\n<p>T\u2019escoltarem amb atenci\u00f3 per donar-te el servei que necessites en cada moment. Estarem atents als detalls: sabem que all\u00e0 hi ha la difer\u00e8ncia.<\/p>\n<\/div><div class=\"fusion-clearfix\"><\/div><\/div><\/div><div class=\"fusion-layout-column fusion_builder_column fusion-builder-column-13 fusion_builder_column_1_3 1_3 fusion-one-third fusion-column-last fusion-animated\" style=\"--awb-padding-top:20px;--awb-padding-right:40px;--awb-padding-bottom:20px;--awb-padding-left:40px;--awb-bg-size:cover;--awb-border-color:#e0e0e0;--awb-border-style:solid;\" data-animationType=\"slideInRight\" data-animationDuration=\"1.0\" data-animationOffset=\"top-into-view\"><div class=\"fusion-column-wrapper fusion-column-has-shadow fusion-flex-column-wrapper-legacy\"><i class=\"fb-icon-element-7 fb-icon-element fontawesome-icon fa-child fas circle-no fusion-text-flow\" style=\"--awb-iconcolor:#74bced;--awb-iconcolor-hover:#74bced;--awb-font-size:30px;--awb-margin-right:15px;\"><\/i><div class=\"fusion-text fusion-text-9\"><p style=\"text-align: left;\"><span style=\"font-size: 120%;\"><strong>SUPERACI\u00d3<\/strong><\/span><\/p>\n<p style=\"text-align: left;\">Un valor que t\u00e9 a veure amb la humilitat, amb recon\u00e8ixer que sempre es poden fer les coses millor. Estem oberts a aprendre cont\u00ednuament.<\/p>\n<\/div><div class=\"fusion-clearfix\"><\/div><\/div><\/div><\/div><\/div><div class=\"fusion-fullwidth fullwidth-box fusion-builder-row-4 nonhundred-percent-fullwidth non-hundred-percent-height-scrolling\" style=\"--awb-border-radius-top-left:0px;--awb-border-radius-top-right:0px;--awb-border-radius-bottom-right:0px;--awb-border-radius-bottom-left:0px;--awb-padding-bottom:50px;--awb-flex-wrap:wrap;\" ><div class=\"fusion-builder-row fusion-row\"><div class=\"fusion-layout-column fusion_builder_column fusion-builder-column-14 fusion_builder_column_1_1 1_1 fusion-one-full fusion-column-first fusion-column-last fusion-animated\" style=\"--awb-padding-top:50px;--awb-bg-size:cover;\" data-animationType=\"fadeInDown\" data-animationDuration=\"1.0\" data-animationOffset=\"top-into-view\"><div class=\"fusion-column-wrapper fusion-column-has-shadow fusion-flex-column-wrapper-legacy\"><div class=\"fusion-text fusion-text-10\"><p style=\"text-align: center;\">Els nostres valors s\u00f3n els principis que ens impulsen a ser millors cada dia.<\/p>\n<\/div><div class=\"fusion-aligncenter\"><a class=\"fusion-button button-flat fusion-button-default-size button-default fusion-button-default button-1 fusion-button-default-span fusion-button-default-type\" target=\"_self\" href=\"https:\/\/www.avanservicios.com\/ca\/demanins-pressupost\/\"><span class=\"fusion-button-text\">DESCOBREIX COM PODEM TREBALLAR JUNTS<\/span><i class=\"fa-angle-right fas button-icon-right\" aria-hidden=\"true\"><\/i><\/a><\/div><div class=\"fusion-clearfix\"><\/div><\/div><\/div><\/div><\/div><div class=\"fusion-fullwidth fullwidth-box fusion-builder-row-5 hundred-percent-fullwidth non-hundred-percent-height-scrolling\" style=\"--awb-border-radius-top-left:0px;--awb-border-radius-top-right:0px;--awb-border-radius-bottom-right:0px;--awb-border-radius-bottom-left:0px;--awb-padding-top:0px;--awb-padding-right:0px;--awb-padding-bottom:0px;--awb-padding-left:0px;--awb-margin-top:0px;--awb-margin-bottom:0px;--awb-flex-wrap:wrap;\" ><div class=\"fusion-builder-row fusion-row\"><div class=\"fusion-layout-column fusion_builder_column fusion-builder-column-15 fusion_builder_column_1_1 1_1 fusion-one-full fusion-column-first fusion-column-last fusion-animated\" style=\"--awb-bg-size:cover;--awb-margin-bottom:0px;\" data-animationType=\"fadeIn\" data-animationDuration=\"1.0\" data-animationOffset=\"top-into-view\"><div class=\"fusion-column-wrapper fusion-flex-column-wrapper-legacy\"><div class=\"fusion-align-block\"><a class=\"fusion-button button-flat button-xlarge button-custom fusion-button-default button-2 fusion-button-span-yes fusion-button-default-type\" style=\"--button_accent_color:#ffffff;--button_accent_hover_color:#ffffff;--button_border_hover_color:#ffffff;--button_gradient_top_color:#74bced;--button_gradient_bottom_color:#74bced;--button_gradient_top_color_hover:#0f283c;--button_gradient_bottom_color_hover:#0f283c;\" target=\"_self\" href=\"https:\/\/www.avanservicios.com\/ca\/contacte\/\"><span class=\"fusion-button-text\">M\u00e9s informaci\u00f3<\/span><i class=\"fa-arrow-right fas button-icon-right\" aria-hidden=\"true\"><\/i><\/a><\/div><div class=\"fusion-clearfix\"><\/div><\/div><\/div><\/div><\/div><\/p>\n","protected":false},"excerpt":{"rendered":"","protected":false},"author":1,"featured_media":0,"parent":0,"menu_order":0,"comment_status":"closed","ping_status":"closed","template":"100-width.php","meta":{"footnotes":""},"yoast_head":"<!-- This site is optimized with the Yoast SEO plugin v22.1 - https:\/\/yoast.com\/wordpress\/plugins\/seo\/ -->\n<title>Valors - Avan Servicios Externos<\/title>\n<meta name=\"robots\" content=\"index, follow, max-snippet:-1, max-image-preview:large, max-video-preview:-1\" \/>\n<link rel=\"canonical\" href=\"https:\/\/www.avanservicios.com\/ca\/valors\/\" \/>\n<meta property=\"og:locale\" content=\"ca_ES\" \/>\n<meta property=\"og:type\" content=\"article\" \/>\n<meta property=\"og:title\" content=\"Valors - Avan Servicios Externos\" \/>\n<meta property=\"og:url\" content=\"https:\/\/www.avanservicios.com\/ca\/valors\/\" \/>\n<meta property=\"og:site_name\" content=\"Avan Servicios Externos\" \/>\n<meta property=\"article:modified_time\" content=\"2019-09-23T10:26:27+00:00\" \/>\n<meta name=\"twitter:card\" content=\"summary_large_image\" \/>\n<meta name=\"twitter:label1\" content=\"Temps estimat de lectura\" \/>\n\t<meta name=\"twitter:data1\" content=\"17 minuts\" \/>\n<script type=\"application\/ld+json\" class=\"yoast-schema-graph\">{\"@context\":\"https:\/\/schema.org\",\"@graph\":[{\"@type\":\"WebPage\",\"@id\":\"https:\/\/www.avanservicios.com\/ca\/valors\/\",\"url\":\"https:\/\/www.avanservicios.com\/ca\/valors\/\",\"name\":\"Valors - Avan Servicios Externos\",\"isPartOf\":{\"@id\":\"https:\/\/www.avanservicios.com\/#website\"},\"datePublished\":\"2019-09-20T08:34:27+00:00\",\"dateModified\":\"2019-09-23T10:26:27+00:00\",\"breadcrumb\":{\"@id\":\"https:\/\/www.avanservicios.com\/ca\/valors\/#breadcrumb\"},\"inLanguage\":\"ca\",\"potentialAction\":[{\"@type\":\"ReadAction\",\"target\":[\"https:\/\/www.avanservicios.com\/ca\/valors\/\"]}]},{\"@type\":\"BreadcrumbList\",\"@id\":\"https:\/\/www.avanservicios.com\/ca\/valors\/#breadcrumb\",\"itemListElement\":[{\"@type\":\"ListItem\",\"position\":1,\"name\":\"Portada\",\"item\":\"https:\/\/www.avanservicios.com\/ca\/\"},{\"@type\":\"ListItem\",\"position\":2,\"name\":\"Valors\"}]},{\"@type\":\"WebSite\",\"@id\":\"https:\/\/www.avanservicios.com\/#website\",\"url\":\"https:\/\/www.avanservicios.com\/\",\"name\":\"Avan Servicios Externos\",\"description\":\"Descripci\u00f3n de la empresa\",\"potentialAction\":[{\"@type\":\"SearchAction\",\"target\":{\"@type\":\"EntryPoint\",\"urlTemplate\":\"https:\/\/www.avanservicios.com\/?s={search_term_string}\"},\"query-input\":\"required name=search_term_string\"}],\"inLanguage\":\"ca\"}]}<\/script>\n<!-- \/ Yoast SEO plugin. -->","yoast_head_json":{"title":"Valors - Avan Servicios Externos","robots":{"index":"index","follow":"follow","max-snippet":"max-snippet:-1","max-image-preview":"max-image-preview:large","max-video-preview":"max-video-preview:-1"},"canonical":"https:\/\/www.avanservicios.com\/ca\/valors\/","og_locale":"ca_ES","og_type":"article","og_title":"Valors - Avan Servicios Externos","og_url":"https:\/\/www.avanservicios.com\/ca\/valors\/","og_site_name":"Avan Servicios Externos","article_modified_time":"2019-09-23T10:26:27+00:00","twitter_card":"summary_large_image","twitter_misc":{"Temps estimat de lectura":"17 minuts"},"schema":{"@context":"https:\/\/schema.org","@graph":[{"@type":"WebPage","@id":"https:\/\/www.avanservicios.com\/ca\/valors\/","url":"https:\/\/www.avanservicios.com\/ca\/valors\/","name":"Valors - Avan Servicios Externos","isPartOf":{"@id":"https:\/\/www.avanservicios.com\/#website"},"datePublished":"2019-09-20T08:34:27+00:00","dateModified":"2019-09-23T10:26:27+00:00","breadcrumb":{"@id":"https:\/\/www.avanservicios.com\/ca\/valors\/#breadcrumb"},"inLanguage":"ca","potentialAction":[{"@type":"ReadAction","target":["https:\/\/www.avanservicios.com\/ca\/valors\/"]}]},{"@type":"BreadcrumbList","@id":"https:\/\/www.avanservicios.com\/ca\/valors\/#breadcrumb","itemListElement":[{"@type":"ListItem","position":1,"name":"Portada","item":"https:\/\/www.avanservicios.com\/ca\/"},{"@type":"ListItem","position":2,"name":"Valors"}]},{"@type":"WebSite","@id":"https:\/\/www.avanservicios.com\/#website","url":"https:\/\/www.avanservicios.com\/","name":"Avan Servicios Externos","description":"Descripci\u00f3n de la empresa","potentialAction":[{"@type":"SearchAction","target":{"@type":"EntryPoint","urlTemplate":"https:\/\/www.avanservicios.com\/?s={search_term_string}"},"query-input":"required name=search_term_string"}],"inLanguage":"ca"}]}},"_links":{"self":[{"href":"https:\/\/www.avanservicios.com\/ca\/wp-json\/wp\/v2\/pages\/1135"}],"collection":[{"href":"https:\/\/www.avanservicios.com\/ca\/wp-json\/wp\/v2\/pages"}],"about":[{"href":"https:\/\/www.avanservicios.com\/ca\/wp-json\/wp\/v2\/types\/page"}],"author":[{"embeddable":true,"href":"https:\/\/www.avanservicios.com\/ca\/wp-json\/wp\/v2\/users\/1"}],"replies":[{"embeddable":true,"href":"https:\/\/www.avanservicios.com\/ca\/wp-json\/wp\/v2\/comments?post=1135"}],"version-history":[{"count":3,"href":"https:\/\/www.avanservicios.com\/ca\/wp-json\/wp\/v2\/pages\/1135\/revisions"}],"predecessor-version":[{"id":1678,"href":"https:\/\/www.avanservicios.com\/ca\/wp-json\/wp\/v2\/pages\/1135\/revisions\/1678"}],"wp:attachment":[{"href":"https:\/\/www.avanservicios.com\/ca\/wp-json\/wp\/v2\/media?parent=1135"}],"curies":[{"name":"wp","href":"https:\/\/api.w.org\/{rel}","templated":true}]}}